{"id":882,"date":"2021-05-13T19:14:07","date_gmt":"2021-05-13T19:14:07","guid":{"rendered":"https:\/\/millioneurolisting.es\/how-we-work\/"},"modified":"2024-02-16T13:15:08","modified_gmt":"2024-02-16T12:15:08","slug":"how-we-work","status":"publish","type":"page","link":"https:\/\/millioneurolisting.es\/it\/how-we-work\/","title":{"rendered":"How we work"},"content":{"rendered":"\t\t<div data-elementor-type=\"wp-page\" data-elementor-id=\"882\" class=\"elementor elementor-882 elementor-126\">\n\t\t\t\t\t\t<section class=\"elementor-section elementor-top-section elementor-element elementor-element-02ed09a elementor-section-full_width elementor-section-content-top elementor-section-stretched elementor-section-height-default elementor-section-height-default parallax_section_no qode_elementor_container_no\" data-id=\"02ed09a\" data-element_type=\"section\" data-e-type=\"section\" data-settings=\"{&quot;stretch_section&quot;:&quot;section-stretched&quot;}\">\n\t\t\t\t\t\t<div class=\"elementor-container elementor-column-gap-default\">\n\t\t\t\t\t<div class=\"elementor-column elementor-col-100 elementor-top-column elementor-element elementor-element-e4361c7 page-image-top\" data-id=\"e4361c7\" data-element_type=\"column\" data-e-type=\"column\">\n\t\t\t<div class=\"elementor-widget-wrap elementor-element-populated\">\n\t\t\t\t\t\t<div class=\"elementor-element elementor-element-382a2db elementor-widget elementor-widget-image\" data-id=\"382a2db\" data-element_type=\"widget\" data-e-type=\"widget\" data-widget_type=\"image.default\">\n\t\t\t\t<div class=\"elementor-widget-container\">\n\t\t\t\t\t\t\t\t\t\t\t\t\t\t\t<img fetchpriority=\"high\" decoding=\"async\" width=\"1600\" height=\"450\" src=\"https:\/\/millioneurolisting.es\/wp-content\/uploads\/2021\/07\/MEL-hww.jpg\" class=\"attachment-full size-full wp-image-1249\" alt=\"\" srcset=\"https:\/\/millioneurolisting.es\/wp-content\/uploads\/2021\/07\/MEL-hww.jpg 1600w, https:\/\/millioneurolisting.es\/wp-content\/uploads\/2021\/07\/MEL-hww-300x84.jpg 300w, https:\/\/millioneurolisting.es\/wp-content\/uploads\/2021\/07\/MEL-hww-1024x288.jpg 1024w, https:\/\/millioneurolisting.es\/wp-content\/uploads\/2021\/07\/MEL-hww-768x216.jpg 768w, https:\/\/millioneurolisting.es\/wp-content\/uploads\/2021\/07\/MEL-hww-1536x432.jpg 1536w, https:\/\/millioneurolisting.es\/wp-content\/uploads\/2021\/07\/MEL-hww-700x197.jpg 700w\" sizes=\"(max-width: 1600px) 100vw, 1600px\" \/>\t\t\t\t\t\t\t\t\t\t\t\t\t\t\t<\/div>\n\t\t\t\t<\/div>\n\t\t\t\t\t<\/div>\n\t\t<\/div>\n\t\t\t\t\t<\/div>\n\t\t<\/section>\n\t\t\t\t<section class=\"elementor-section elementor-top-section elementor-element elementor-element-a0070fc home-intro elementor-section-boxed elementor-section-height-default elementor-section-height-default parallax_section_no qode_elementor_container_no\" data-id=\"a0070fc\" data-element_type=\"section\" data-e-type=\"section\">\n\t\t\t\t\t\t<div class=\"elementor-container elementor-column-gap-default\">\n\t\t\t\t\t<div class=\"elementor-column elementor-col-100 elementor-top-column elementor-element elementor-element-027f948 section-intro\" data-id=\"027f948\" data-element_type=\"column\" data-e-type=\"column\">\n\t\t\t<div class=\"elementor-widget-wrap elementor-element-populated\">\n\t\t\t\t\t\t<section class=\"elementor-section elementor-inner-section elementor-element elementor-element-bdcd9a3 elementor-section-boxed elementor-section-height-default elementor-section-height-default parallax_section_no qode_elementor_container_no\" data-id=\"bdcd9a3\" data-element_type=\"section\" data-e-type=\"section\">\n\t\t\t\t\t\t<div class=\"elementor-container elementor-column-gap-default\">\n\t\t\t\t\t<div class=\"elementor-column elementor-col-100 elementor-inner-column elementor-element elementor-element-7025779 block-content\" data-id=\"7025779\" data-element_type=\"column\" data-e-type=\"column\">\n\t\t\t<div class=\"elementor-widget-wrap elementor-element-populated\">\n\t\t\t\t\t\t<div class=\"elementor-element elementor-element-fed47fa elementor-widget elementor-widget-html\" data-id=\"fed47fa\" data-element_type=\"widget\" data-e-type=\"widget\" data-widget_type=\"html.default\">\n\t\t\t\t<div class=\"elementor-widget-container\">\n\t\t\t\t\t<h1>Se la vita \u00e8 frenetica, consentitevi solo il meglio sulla Costa del Sol.<\/h1>\t\t\t\t<\/div>\n\t\t\t\t<\/div>\n\t\t\t\t\t<\/div>\n\t\t<\/div>\n\t\t\t\t\t<\/div>\n\t\t<\/section>\n\t\t\t\t\t<\/div>\n\t\t<\/div>\n\t\t\t\t\t<\/div>\n\t\t<\/section>\n\t\t\t\t<section class=\"elementor-section elementor-top-section elementor-element elementor-element-715c0ae elementor-section-stretched section-grey elementor-section-boxed elementor-section-height-default elementor-section-height-default parallax_section_no qode_elementor_container_no\" data-id=\"715c0ae\" data-element_type=\"section\" data-e-type=\"section\" data-settings=\"{&quot;stretch_section&quot;:&quot;section-stretched&quot;}\">\n\t\t\t\t\t\t<div class=\"elementor-container elementor-column-gap-default\">\n\t\t\t\t\t<div class=\"elementor-column elementor-col-100 elementor-top-column elementor-element elementor-element-9309780 block-contact\" data-id=\"9309780\" data-element_type=\"column\" data-e-type=\"column\">\n\t\t\t<div class=\"elementor-widget-wrap elementor-element-populated\">\n\t\t\t\t\t\t<section class=\"elementor-section elementor-inner-section elementor-element elementor-element-5102916 elementor-section-boxed elementor-section-height-default elementor-section-height-default parallax_section_no qode_elementor_container_no\" data-id=\"5102916\" data-element_type=\"section\" data-e-type=\"section\">\n\t\t\t\t\t\t<div class=\"elementor-container elementor-column-gap-default\">\n\t\t\t\t\t<div class=\"elementor-column elementor-col-100 elementor-inner-column elementor-element elementor-element-2dc80fd\" data-id=\"2dc80fd\" data-element_type=\"column\" data-e-type=\"column\">\n\t\t\t<div class=\"elementor-widget-wrap elementor-element-populated\">\n\t\t\t\t\t\t<div class=\"elementor-element elementor-element-fbed749 elementor-widget elementor-widget-html\" data-id=\"fbed749\" data-element_type=\"widget\" data-e-type=\"widget\" data-widget_type=\"html.default\">\n\t\t\t\t<div class=\"elementor-widget-container\">\n\t\t\t\t\t<p><span>Oggigiorno viviamo in un mondo frenetico e una seconda casa \u00e8 la fuga dalla routine, dallo stress, dagli affari e dalla pubblicit\u00e0. <br>Attenzione: il TEMPO \u00e8 la tua risorsa pi\u00f9 preziosa durante il tuo soggiorno. <\/span><\/p>\r\r<p>Vuoi divertirti con la famiglia e gli amici o unire il lavoro al tempo libero soggiornando nella casa dei tuoi sogni sulla Costa del Sol circondato da stile e qualit\u00e0 eccezionale? Quindi scegli <span style=\"color: #c29b40;text-transform:none;font-weight: 400;\">Million Euro Listing<\/span> per aiutarti a trovare questo sogno.<\/p>\r\r<p><em>Siamo diversi nel nostro modo di lavorare, completamente concentrati, impegnati, professionali e appassionati. Abbiamo la capacit\u00e0 di vedere il pieno potenziale in ogni propriet\u00e0, per aiutarti a fare il miglior affare della tua vita.<\/em><\/p>\t\t\t\t<\/div>\n\t\t\t\t<\/div>\n\t\t\t\t\t<\/div>\n\t\t<\/div>\n\t\t\t\t\t<\/div>\n\t\t<\/section>\n\t\t\t\t<section class=\"elementor-section elementor-inner-section elementor-element elementor-element-036cb74 elementor-section-boxed elementor-section-height-default elementor-section-height-default parallax_section_no qode_elementor_container_no\" data-id=\"036cb74\" data-element_type=\"section\" data-e-type=\"section\">\n\t\t\t\t\t\t<div class=\"elementor-container elementor-column-gap-default\">\n\t\t\t\t\t<div class=\"elementor-column elementor-col-100 elementor-inner-column elementor-element elementor-element-3ce6b90 block-white\" data-id=\"3ce6b90\" data-element_type=\"column\" data-e-type=\"column\">\n\t\t\t<div class=\"elementor-widget-wrap elementor-element-populated\">\n\t\t\t\t\t\t<div class=\"elementor-element elementor-element-9eecdf7 text-list elementor-widget elementor-widget-text-editor\" data-id=\"9eecdf7\" data-element_type=\"widget\" data-e-type=\"widget\" data-widget_type=\"text-editor.default\">\n\t\t\t\t<div class=\"elementor-widget-container\">\n\t\t\t\t\t\t\t\t\t<ul><li>Nessun annuncio proprio sul nostro sito web:<br \/>A differenza del solito, per motivi di privacy non inseriamo i nostri annunci sul nostro sito web, ma solo sui portali pi\u00f9 esclusivi del mondo. Tuttavia, mostriamo i nuovi sviluppi sui social media.<br \/>Inoltre, crediamo che non si possa ottenere la casa dei propri sogni da un elenco selezionato che un agente immobiliare mette sul proprio sito web, perch\u00e9 le probabilit\u00e0 che la casa unica sia tra queste sono minime. No, volete avere un agente immobiliare che cerchi specificamente la casa che fa per voi. Che sia indipendente e possa negoziare liberamente senza essere contemporaneamente coinvolto con il venditore per lo stesso immobile, perch\u00e9 questo porta solo a un conflitto di interessi.<\/li><li>Ti ascoltiamo: ci stiamo prendendo il tempo per ascoltare davvero e capire esattamente cosa vuoi trovare, offrire una vasta gamma di servizi unici e superare le aspettative \u00e8 ci\u00f2 che sappiamo fare meglio.<\/li><li>Multilingue: possiamo aiutarti nelle seguenti lingue: inglese, tedesco, olandese, spagnolo, italiano e russo.<\/li><li>Professionisti durante il processo di acquisto: forniamo un servizio attento, personalizzato e specializzato necessario per completare con successo l&#8217;acquisizione. Ci\u00f2 significa che possiamo consigliare avvocati corrispondenti, consulenti ipotecari, compagnie assicurative, consulenti fiscali: tutto nella tua lingua.<\/li><li>Ogni progetto sar\u00e0 gestito con la massima riservatezza e discrezione prima, durante e dopo l&#8217;acquisto.<\/li><\/ul>\t\t\t\t\t\t\t\t<\/div>\n\t\t\t\t<\/div>\n\t\t\t\t\t<\/div>\n\t\t<\/div>\n\t\t\t\t\t<\/div>\n\t\t<\/section>\n\t\t\t\t<div class=\"elementor-element elementor-element-397e49b elementor-widget elementor-widget-spacer\" data-id=\"397e49b\" data-element_type=\"widget\" data-e-type=\"widget\" data-widget_type=\"spacer.default\">\n\t\t\t\t<div class=\"elementor-widget-container\">\n\t\t\t\t\t\t\t<div class=\"elementor-spacer\">\n\t\t\t<div class=\"elementor-spacer-inner\"><\/div>\n\t\t<\/div>\n\t\t\t\t\t\t<\/div>\n\t\t\t\t<\/div>\n\t\t\t\t\t<\/div>\n\t\t<\/div>\n\t\t\t\t\t<\/div>\n\t\t<\/section>\n\t\t\t\t<section class=\"elementor-section elementor-top-section elementor-element elementor-element-f8dc22f section-white home-1 elementor-section-full_width elementor-section-stretched elementor-section-height-default elementor-section-height-default parallax_section_no qode_elementor_container_no\" data-id=\"f8dc22f\" data-element_type=\"section\" data-e-type=\"section\" data-settings=\"{&quot;stretch_section&quot;:&quot;section-stretched&quot;}\">\n\t\t\t\t\t\t<div class=\"elementor-container elementor-column-gap-default\">\n\t\t\t\t\t<div class=\"elementor-column elementor-col-100 elementor-top-column elementor-element elementor-element-2d82547\" data-id=\"2d82547\" data-element_type=\"column\" data-e-type=\"column\">\n\t\t\t<div class=\"elementor-widget-wrap elementor-element-populated\">\n\t\t\t\t\t\t<section class=\"elementor-section elementor-inner-section elementor-element elementor-element-055a3c1 block-wide elementor-section-full_width elementor-section-height-default elementor-section-height-default parallax_section_no qode_elementor_container_no\" data-id=\"055a3c1\" data-element_type=\"section\" data-e-type=\"section\">\n\t\t\t\t\t\t<div class=\"elementor-container elementor-column-gap-default\">\n\t\t\t\t\t<div class=\"elementor-column elementor-col-50 elementor-inner-column elementor-element elementor-element-fbf3e97 block-img\" data-id=\"fbf3e97\" data-element_type=\"column\" data-e-type=\"column\">\n\t\t\t<div class=\"elementor-widget-wrap elementor-element-populated\">\n\t\t\t\t\t\t<div class=\"elementor-element elementor-element-15268e1 elementor-widget elementor-widget-image\" data-id=\"15268e1\" data-element_type=\"widget\" data-e-type=\"widget\" data-widget_type=\"image.default\">\n\t\t\t\t<div class=\"elementor-widget-container\">\n\t\t\t\t\t\t\t\t\t\t\t\t\t\t\t<img decoding=\"async\" width=\"800\" height=\"450\" src=\"https:\/\/millioneurolisting.es\/wp-content\/uploads\/2021\/05\/pool-parasol.jpg\" class=\"attachment-full size-full wp-image-570\" alt=\"\" srcset=\"https:\/\/millioneurolisting.es\/wp-content\/uploads\/2021\/05\/pool-parasol.jpg 800w, https:\/\/millioneurolisting.es\/wp-content\/uploads\/2021\/05\/pool-parasol-300x169.jpg 300w, https:\/\/millioneurolisting.es\/wp-content\/uploads\/2021\/05\/pool-parasol-768x432.jpg 768w, https:\/\/millioneurolisting.es\/wp-content\/uploads\/2021\/05\/pool-parasol-700x394.jpg 700w, https:\/\/millioneurolisting.es\/wp-content\/uploads\/2021\/05\/pool-parasol-539x303.jpg 539w\" sizes=\"(max-width: 800px) 100vw, 800px\" \/>\t\t\t\t\t\t\t\t\t\t\t\t\t\t\t<\/div>\n\t\t\t\t<\/div>\n\t\t\t\t\t<\/div>\n\t\t<\/div>\n\t\t\t\t<div class=\"elementor-column elementor-col-50 elementor-inner-column elementor-element elementor-element-e712b63 block-content\" data-id=\"e712b63\" data-element_type=\"column\" data-e-type=\"column\">\n\t\t\t<div class=\"elementor-widget-wrap elementor-element-populated\">\n\t\t\t\t\t\t<div class=\"elementor-element elementor-element-1a4be4b elementor-widget elementor-widget-spacer\" data-id=\"1a4be4b\" data-element_type=\"widget\" data-e-type=\"widget\" data-widget_type=\"spacer.default\">\n\t\t\t\t<div class=\"elementor-widget-container\">\n\t\t\t\t\t\t\t<div class=\"elementor-spacer\">\n\t\t\t<div class=\"elementor-spacer-inner\"><\/div>\n\t\t<\/div>\n\t\t\t\t\t\t<\/div>\n\t\t\t\t<\/div>\n\t\t\t\t<div class=\"elementor-element elementor-element-4f7d86a elementor-widget elementor-widget-html\" data-id=\"4f7d86a\" data-element_type=\"widget\" data-e-type=\"widget\" data-widget_type=\"html.default\">\n\t\t\t\t<div class=\"elementor-widget-container\">\n\t\t\t\t\t<p><span>Essere speciali \u00e8 la chiave del nostro successo!<\/span><\/p>\t\t\t\t<\/div>\n\t\t\t\t<\/div>\n\t\t\t\t<div class=\"elementor-element elementor-element-cd9f69d elementor-widget elementor-widget-spacer\" data-id=\"cd9f69d\" data-element_type=\"widget\" data-e-type=\"widget\" data-widget_type=\"spacer.default\">\n\t\t\t\t<div class=\"elementor-widget-container\">\n\t\t\t\t\t\t\t<div class=\"elementor-spacer\">\n\t\t\t<div class=\"elementor-spacer-inner\"><\/div>\n\t\t<\/div>\n\t\t\t\t\t\t<\/div>\n\t\t\t\t<\/div>\n\t\t\t\t<div class=\"elementor-element elementor-element-c709afa elementor-widget elementor-widget-bridge_button_v2\" data-id=\"c709afa\" data-element_type=\"widget\" data-e-type=\"widget\" data-widget_type=\"bridge_button_v2.default\">\n\t\t\t\t<div class=\"elementor-widget-container\">\n\t\t\t\t\t\n\n\t<a href=\"https:\/\/millioneurolisting.es\/it\/lifestyle-delle-proprieta\/\" target=\"_self\"  class=\"qode-btn qode-btn-medium qode-btn-simple qode-btn-icon\"  >\n\t    <span class=\"qode-btn-text\">Lifestyle delle propriet\u00e0<\/span>\t<\/a>\n\n\t\t\t\t<\/div>\n\t\t\t\t<\/div>\n\t\t\t\t<div class=\"elementor-element elementor-element-81d1465 elementor-widget elementor-widget-bridge_button_v2\" data-id=\"81d1465\" data-element_type=\"widget\" data-e-type=\"widget\" data-widget_type=\"bridge_button_v2.default\">\n\t\t\t\t<div class=\"elementor-widget-container\">\n\t\t\t\t\t\n\n\t<a href=\"https:\/\/millioneurolisting.es\/it\/marbella-lifestyle\/\" target=\"_self\"  class=\"qode-btn qode-btn-medium qode-btn-simple qode-btn-icon\"  >\n\t    <span class=\"qode-btn-text\">Marbella lifestyle<\/span>\t<\/a>\n\n\t\t\t\t<\/div>\n\t\t\t\t<\/div>\n\t\t\t\t<div class=\"elementor-element elementor-element-e7a3b86 elementor-widget elementor-widget-spacer\" data-id=\"e7a3b86\" data-element_type=\"widget\" data-e-type=\"widget\" data-widget_type=\"spacer.default\">\n\t\t\t\t<div class=\"elementor-widget-container\">\n\t\t\t\t\t\t\t<div class=\"elementor-spacer\">\n\t\t\t<div class=\"elementor-spacer-inner\"><\/div>\n\t\t<\/div>\n\t\t\t\t\t\t<\/div>\n\t\t\t\t<\/div>\n\t\t\t\t\t<\/div>\n\t\t<\/div>\n\t\t\t\t\t<\/div>\n\t\t<\/section>\n\t\t\t\t\t<\/div>\n\t\t<\/div>\n\t\t\t\t\t<\/div>\n\t\t<\/section>\n\t\t\t\t<section class=\"elementor-section elementor-top-section elementor-element elementor-element-deb26a7 elementor-section-stretched section-grey elementor-section-boxed elementor-section-height-default elementor-section-height-default parallax_section_no qode_elementor_container_no\" data-id=\"deb26a7\" data-element_type=\"section\" data-e-type=\"section\" data-settings=\"{&quot;stretch_section&quot;:&quot;section-stretched&quot;}\">\n\t\t\t\t\t\t<div class=\"elementor-container elementor-column-gap-default\">\n\t\t\t\t\t<div class=\"elementor-column elementor-col-100 elementor-top-column elementor-element elementor-element-74f3659\" data-id=\"74f3659\" data-element_type=\"column\" data-e-type=\"column\">\n\t\t\t<div class=\"elementor-widget-wrap elementor-element-populated\">\n\t\t\t\t\t\t<section class=\"elementor-section elementor-inner-section elementor-element elementor-element-4d62878 elementor-section-boxed elementor-section-height-default elementor-section-height-default parallax_section_no qode_elementor_container_no\" data-id=\"4d62878\" data-element_type=\"section\" data-e-type=\"section\">\n\t\t\t\t\t\t<div class=\"elementor-container elementor-column-gap-default\">\n\t\t\t\t\t<div class=\"elementor-column elementor-col-100 elementor-inner-column elementor-element elementor-element-de73f20\" data-id=\"de73f20\" data-element_type=\"column\" data-e-type=\"column\">\n\t\t\t<div class=\"elementor-widget-wrap elementor-element-populated\">\n\t\t\t\t\t\t<div class=\"elementor-element elementor-element-e126bc7 elementor-widget elementor-widget-html\" data-id=\"e126bc7\" data-element_type=\"widget\" data-e-type=\"widget\" data-widget_type=\"html.default\">\n\t\t\t\t<div class=\"elementor-widget-container\">\n\t\t\t\t\t<h2>Come lavoriamo durante il processo di acquisto<\/h2>\t\t\t\t<\/div>\n\t\t\t\t<\/div>\n\t\t\t\t\t<\/div>\n\t\t<\/div>\n\t\t\t\t\t<\/div>\n\t\t<\/section>\n\t\t\t\t<section class=\"elementor-section elementor-inner-section elementor-element elementor-element-f95144a elementor-section-boxed elementor-section-height-default elementor-section-height-default parallax_section_no qode_elementor_container_no\" data-id=\"f95144a\" data-element_type=\"section\" data-e-type=\"section\">\n\t\t\t\t\t\t<div class=\"elementor-container elementor-column-gap-default\">\n\t\t\t\t\t<div class=\"elementor-column elementor-col-100 elementor-inner-column elementor-element elementor-element-ae3da0e block-white\" data-id=\"ae3da0e\" data-element_type=\"column\" data-e-type=\"column\">\n\t\t\t<div class=\"elementor-widget-wrap elementor-element-populated\">\n\t\t\t\t\t\t<div class=\"elementor-element elementor-element-9092170 text-list elementor-widget elementor-widget-text-editor\" data-id=\"9092170\" data-element_type=\"widget\" data-e-type=\"widget\" data-widget_type=\"text-editor.default\">\n\t\t\t\t<div class=\"elementor-widget-container\">\n\t\t\t\t\t\t\t\t\t<ul><li>Riceviamo un messaggio da te interessato ad acquistare una propriet\u00e0 (secondo la nostra ricerca il 75% dei nostri nuovi clienti proviene da referral)<\/li><li>Organizziamo una chiamata al pi\u00f9 presto possibile tramite skype \/ zoom \/ team o altro per avere una prima comprensione dei tuoi desideri<\/li><li>Dopo la chiamata ti invieremo i verbali della nostra conversazione e un questionario per informazioni pi\u00f9 dettagliate<\/li><li>Solo dopo aver ricevuto il questionario, inizieremo la nostra ricerca e ti invieremo diverse proposte di propriet\u00e0<\/li><li>Discutiamo le proposte con te per restringere la ricerca e fornire ulteriori proposte, se necessario<\/li><li>In base alle tue propriet\u00e0 selezionate (lungo elenco), le visiteremo per te e faremo un live-streaming per rispondere alle tue domande in tempo reale<\/li><li>Dopo l&#8217;elenco finale (breve elenco) di propriet\u00e0, ti invitiamo a venire qui a tue spese (possiamo aiutarti nelle prenotazioni di hotel, noleggio auto, prenotazioni di ristoranti, ecc.)<\/li><li>Ti invitiamo nel nostro bellissimo ufficio in giardino con una bevanda spagnola e tapa, spiegando la visione per i prossimi giorni e possibili appuntamenti con professionisti legali<\/li><li>Il giorno (i) successivo (i) avrete la visione delle propriet\u00e0<\/li><li>Prendi la decisione finale sulla tua propriet\u00e0 preferita<\/li><li>Inizio delle trattative tra Million Euro Listing e d il venditore e la chiusura dell&#8217;accordo<\/li><li>Incontro con avvocato e altri professionisti, se necessario (ad es. consulente ipotecario, consulente fiscale, ecc.)<\/li><li>Contratto di prenotazione da firmare e depositare da pagare (\u20ac 6.000 \u2013 6.600 euro) per ritirare l&#8217;immobile dal mercato (prima rata)<\/li><li>Raccolta di informazioni e documenti da parte del avvocato e altri professionisti<\/li><li>Contratto preliminare di acquisto (PCP) da firmare presso l&#8217;ufficio dell&#8217;avvocato (secondo pagamento meno il depositare)<\/li><li>Firma del contratto di acquisto finale presso il notaio, pagamento finale e consegna delle chiavi (terzo pagamento)<\/li><li>Ora sei il proprietario della tua casa dei sogni spagnola! Congratulazioni!<\/li><li>Su richiesta possiamo assisterti con il post vendita: assicurazioni, interior design, gestione immobiliare, ristrutturazioni, ecc.<\/li><\/ul>\t\t\t\t\t\t\t\t<\/div>\n\t\t\t\t<\/div>\n\t\t\t\t\t<\/div>\n\t\t<\/div>\n\t\t\t\t\t<\/div>\n\t\t<\/section>\n\t\t\t\t\t<\/div>\n\t\t<\/div>\n\t\t\t\t\t<\/div>\n\t\t<\/section>\n\t\t\t\t<section class=\"elementor-section elementor-top-section elementor-element elementor-element-dba9288 section-quote elementor-section-boxed elementor-section-height-default elementor-section-height-default parallax_section_no qode_elementor_container_no\" data-id=\"dba9288\" data-element_type=\"section\" data-e-type=\"section\">\n\t\t\t\t\t\t<div class=\"elementor-container elementor-column-gap-default\">\n\t\t\t\t\t<div class=\"elementor-column elementor-col-100 elementor-top-column elementor-element elementor-element-818c9c8\" data-id=\"818c9c8\" data-element_type=\"column\" data-e-type=\"column\">\n\t\t\t<div class=\"elementor-widget-wrap elementor-element-populated\">\n\t\t\t\t\t\t<section class=\"elementor-section elementor-inner-section elementor-element elementor-element-ec2b156 elementor-section-boxed elementor-section-height-default elementor-section-height-default parallax_section_no qode_elementor_container_no\" data-id=\"ec2b156\" data-element_type=\"section\" data-e-type=\"section\">\n\t\t\t\t\t\t<div class=\"elementor-container elementor-column-gap-default\">\n\t\t\t\t\t<div class=\"elementor-column elementor-col-100 elementor-inner-column elementor-element elementor-element-a29f499 block-content\" data-id=\"a29f499\" data-element_type=\"column\" data-e-type=\"column\">\n\t\t\t<div class=\"elementor-widget-wrap elementor-element-populated\">\n\t\t\t\t\t\t<div class=\"elementor-element elementor-element-5662313 elementor-widget elementor-widget-html\" data-id=\"5662313\" data-element_type=\"widget\" data-e-type=\"widget\" data-widget_type=\"html.default\">\n\t\t\t\t<div class=\"elementor-widget-container\">\n\t\t\t\t\t<h2>Noi, di <span>Million Euro Listing<\/span>, siamo insieme a te in ogni fase del processo di acquisto, eliminando tutte le insidie. Siamo proattivi nell'assistervi e consigliarvi e ti consiglieremo i migliori requisiti professionali che ti aiuteranno a trovare e acquistare la casa dei tuoi sogni in Spagna con la migliore offerta.<\/h2>\t\t\t\t<\/div>\n\t\t\t\t<\/div>\n\t\t\t\t\t<\/div>\n\t\t<\/div>\n\t\t\t\t\t<\/div>\n\t\t<\/section>\n\t\t\t\t\t<\/div>\n\t\t<\/div>\n\t\t\t\t\t<\/div>\n\t\t<\/section>\n\t\t\t\t<\/div>\n\t\t","protected":false},"excerpt":{"rendered":"<p>Se la vita \u00e8 frenetica, consentitevi solo il meglio sulla Costa del Sol. Oggigiorno viviamo in un mondo frenetico e una seconda casa \u00e8 la fuga dalla routine, dallo stress, dagli affari e dalla pubblicit\u00e0. Attenzione: il TEMPO \u00e8 la tua risorsa pi\u00f9 preziosa durante&#8230;<\/p>\n","protected":false},"author":1,"featured_media":0,"parent":0,"menu_order":0,"comment_status":"closed","ping_status":"closed","template":"","meta":{"_acf_changed":false,"inline_featured_image":false,"footnotes":""},"class_list":["post-882","page","type-page","status-publish","hentry"],"acf":[],"_links":{"self":[{"href":"https:\/\/millioneurolisting.es\/it\/wp-json\/wp\/v2\/pages\/882","targetHints":{"allow":["GET"]}}],"collection":[{"href":"https:\/\/millioneurolisting.es\/it\/wp-json\/wp\/v2\/pages"}],"about":[{"href":"https:\/\/millioneurolisting.es\/it\/wp-json\/wp\/v2\/types\/page"}],"author":[{"embeddable":true,"href":"https:\/\/millioneurolisting.es\/it\/wp-json\/wp\/v2\/users\/1"}],"replies":[{"embeddable":true,"href":"https:\/\/millioneurolisting.es\/it\/wp-json\/wp\/v2\/comments?post=882"}],"version-history":[{"count":5,"href":"https:\/\/millioneurolisting.es\/it\/wp-json\/wp\/v2\/pages\/882\/revisions"}],"predecessor-version":[{"id":1877,"href":"https:\/\/millioneurolisting.es\/it\/wp-json\/wp\/v2\/pages\/882\/revisions\/1877"}],"wp:attachment":[{"href":"https:\/\/millioneurolisting.es\/it\/wp-json\/wp\/v2\/media?parent=882"}],"curies":[{"name":"wp","href":"https:\/\/api.w.org\/{rel}","templated":true}]}}