{"id":872,"date":"2021-05-11T18:36:57","date_gmt":"2021-05-11T18:36:57","guid":{"rendered":"https:\/\/millioneurolisting.es\/home\/"},"modified":"2024-02-16T13:11:14","modified_gmt":"2024-02-16T12:11:14","slug":"home","status":"publish","type":"page","link":"https:\/\/millioneurolisting.es\/it\/","title":{"rendered":"Home"},"content":{"rendered":"\t\t<div data-elementor-type=\"wp-page\" data-elementor-id=\"872\" class=\"elementor elementor-872 elementor-31\">\n\t\t\t\t\t\t<section class=\"elementor-section elementor-top-section elementor-element elementor-element-02ed09a elementor-section-full_width elementor-section-content-top elementor-section-stretched elementor-section-height-default elementor-section-height-default parallax_section_no qode_elementor_container_no\" data-id=\"02ed09a\" data-element_type=\"section\" data-e-type=\"section\" data-settings=\"{&quot;stretch_section&quot;:&quot;section-stretched&quot;}\">\n\t\t\t\t\t\t<div class=\"elementor-container elementor-column-gap-default\">\n\t\t\t\t\t<div class=\"elementor-column elementor-col-100 elementor-top-column elementor-element elementor-element-e4361c7 page-image-top\" data-id=\"e4361c7\" data-element_type=\"column\" data-e-type=\"column\">\n\t\t\t<div class=\"elementor-widget-wrap elementor-element-populated\">\n\t\t\t\t\t\t<div class=\"elementor-element elementor-element-382a2db elementor-widget elementor-widget-image\" data-id=\"382a2db\" data-element_type=\"widget\" data-e-type=\"widget\" data-widget_type=\"image.default\">\n\t\t\t\t<div class=\"elementor-widget-container\">\n\t\t\t\t\t\t\t\t\t\t\t\t\t\t\t<img fetchpriority=\"high\" decoding=\"async\" width=\"1800\" height=\"721\" src=\"https:\/\/millioneurolisting.es\/wp-content\/uploads\/2021\/05\/mel-banner.jpg\" class=\"attachment-full size-full wp-image-558\" alt=\"\" srcset=\"https:\/\/millioneurolisting.es\/wp-content\/uploads\/2021\/05\/mel-banner.jpg 1800w, https:\/\/millioneurolisting.es\/wp-content\/uploads\/2021\/05\/mel-banner-300x120.jpg 300w, https:\/\/millioneurolisting.es\/wp-content\/uploads\/2021\/05\/mel-banner-1024x410.jpg 1024w, https:\/\/millioneurolisting.es\/wp-content\/uploads\/2021\/05\/mel-banner-768x308.jpg 768w, https:\/\/millioneurolisting.es\/wp-content\/uploads\/2021\/05\/mel-banner-1536x615.jpg 1536w, https:\/\/millioneurolisting.es\/wp-content\/uploads\/2021\/05\/mel-banner-700x280.jpg 700w\" sizes=\"(max-width: 1800px) 100vw, 1800px\" \/>\t\t\t\t\t\t\t\t\t\t\t\t\t\t\t<\/div>\n\t\t\t\t<\/div>\n\t\t\t\t\t<\/div>\n\t\t<\/div>\n\t\t\t\t\t<\/div>\n\t\t<\/section>\n\t\t\t\t<section class=\"elementor-section elementor-top-section elementor-element elementor-element-a0070fc home-intro elementor-section-boxed elementor-section-height-default elementor-section-height-default parallax_section_no qode_elementor_container_no\" data-id=\"a0070fc\" data-element_type=\"section\" data-e-type=\"section\">\n\t\t\t\t\t\t<div class=\"elementor-container elementor-column-gap-default\">\n\t\t\t\t\t<div class=\"elementor-column elementor-col-100 elementor-top-column elementor-element elementor-element-027f948 section-intro\" data-id=\"027f948\" data-element_type=\"column\" data-e-type=\"column\">\n\t\t\t<div class=\"elementor-widget-wrap elementor-element-populated\">\n\t\t\t\t\t\t<section class=\"elementor-section elementor-inner-section elementor-element elementor-element-bdcd9a3 elementor-section-boxed elementor-section-height-default elementor-section-height-default parallax_section_no qode_elementor_container_no\" data-id=\"bdcd9a3\" data-element_type=\"section\" data-e-type=\"section\">\n\t\t\t\t\t\t<div class=\"elementor-container elementor-column-gap-default\">\n\t\t\t\t\t<div class=\"elementor-column elementor-col-100 elementor-inner-column elementor-element elementor-element-7025779 block-content\" data-id=\"7025779\" data-element_type=\"column\" data-e-type=\"column\">\n\t\t\t<div class=\"elementor-widget-wrap elementor-element-populated\">\n\t\t\t\t\t\t<div class=\"elementor-element elementor-element-fed47fa elementor-widget elementor-widget-html\" data-id=\"fed47fa\" data-element_type=\"widget\" data-e-type=\"widget\" data-widget_type=\"html.default\">\n\t\t\t\t<div class=\"elementor-widget-container\">\n\t\t\t\t\t<h1>Benvenuti nel soleggiato mondo del lusso di Marbella, benvenuti in Costa del Sol!\nMarbella \u00e8 la destinazione giusta per realizzare i tuoi sogni. Marbella, perla della Costa del Sol, \u00e8 stata nominata migliore destinazione di viaggio in Europa per il 2024 da European Best Destination.    <\/h1>\t\t\t\t<\/div>\n\t\t\t\t<\/div>\n\t\t\t\t\t<\/div>\n\t\t<\/div>\n\t\t\t\t\t<\/div>\n\t\t<\/section>\n\t\t\t\t\t<\/div>\n\t\t<\/div>\n\t\t\t\t\t<\/div>\n\t\t<\/section>\n\t\t\t\t<section class=\"elementor-section elementor-top-section elementor-element elementor-element-715c0ae elementor-section-stretched section-grey elementor-section-boxed elementor-section-height-default elementor-section-height-default parallax_section_no qode_elementor_container_no\" data-id=\"715c0ae\" data-element_type=\"section\" data-e-type=\"section\" data-settings=\"{&quot;stretch_section&quot;:&quot;section-stretched&quot;}\">\n\t\t\t\t\t\t<div class=\"elementor-container elementor-column-gap-default\">\n\t\t\t\t\t<div class=\"elementor-column elementor-col-100 elementor-top-column elementor-element elementor-element-9309780 block-contact\" data-id=\"9309780\" data-element_type=\"column\" data-e-type=\"column\">\n\t\t\t<div class=\"elementor-widget-wrap elementor-element-populated\">\n\t\t\t\t\t\t<section class=\"elementor-section elementor-inner-section elementor-element elementor-element-5102916 elementor-section-boxed elementor-section-height-default elementor-section-height-default parallax_section_no qode_elementor_container_no\" data-id=\"5102916\" data-element_type=\"section\" data-e-type=\"section\">\n\t\t\t\t\t\t<div class=\"elementor-container elementor-column-gap-default\">\n\t\t\t\t\t<div class=\"elementor-column elementor-col-100 elementor-inner-column elementor-element elementor-element-2dc80fd\" data-id=\"2dc80fd\" data-element_type=\"column\" data-e-type=\"column\">\n\t\t\t<div class=\"elementor-widget-wrap elementor-element-populated\">\n\t\t\t\t\t\t<div class=\"elementor-element elementor-element-fbed749 elementor-widget elementor-widget-html\" data-id=\"fbed749\" data-element_type=\"widget\" data-e-type=\"widget\" data-widget_type=\"html.default\">\n\t\t\t\t<div class=\"elementor-widget-container\">\n\t\t\t\t\t<p><span>Acquistare una prima, seconda o terza propriet\u00e0 all'estero \u00e8 sempre entusiasmante: nuovi mercati immobiliari, culture, leggi, ecc. Ti offre un hub internazionale privato: vai quando puoi, per tutto il tempo che vuoi.<\/span><\/p>\r\r<p>Oltre a godersi la casa per il tempo libero, apre anche opportunit\u00e0 come lavorare con una spettacolare vista panoramica sul mare o pranzi di lavoro sulla spiaggia. Combinare tempo libero e affari! Cos'altro ti serve?<\/p>\r\r<p>Benvenuti, a <span style=\"color: #c29b40;text-transform:none;font-weight: 400;\">Million Euro Listing<\/span>, l'agenzia immobiliare di lusso boutique a Marbella che si concentra solo sull'acquisto di case di lusso come ville e appartamenti a Marbella e nelle zone circostanti sulla Costa del Sol.\rIl nostro valore aggiunto \u00e8 fornire un servizio personalizzato, dedicato e su misura insieme a un'elevata discrezione per trovare la propriet\u00e0 di lusso unica e corrispondente. L'obiettivo \u00e8 sperimentare lo stile di vita di vivere e\/o lavorare a\/intorno a Marbella sulla Costa del Sol per i nostri clienti. Raccontaci il tuo stile di vita e lo troviamo per te!<\/p>\t\t\t\t<\/div>\n\t\t\t\t<\/div>\n\t\t\t\t<div class=\"elementor-element elementor-element-71cc12a elementor-widget elementor-widget-bridge_button_v2\" data-id=\"71cc12a\" data-element_type=\"widget\" data-e-type=\"widget\" data-widget_type=\"bridge_button_v2.default\">\n\t\t\t\t<div class=\"elementor-widget-container\">\n\t\t\t\t\t\n\n\t<a href=\"https:\/\/millioneurolisting.es\/it\/how-we-work\/\" target=\"_self\"  class=\"qode-btn qode-btn-medium qode-btn-simple qode-btn-icon\"  >\n\t    <span class=\"qode-btn-text\">How we work<\/span>\t<\/a>\n\n\t\t\t\t<\/div>\n\t\t\t\t<\/div>\n\t\t\t\t\t<\/div>\n\t\t<\/div>\n\t\t\t\t\t<\/div>\n\t\t<\/section>\n\t\t\t\t<div class=\"elementor-element elementor-element-397e49b elementor-widget elementor-widget-spacer\" data-id=\"397e49b\" data-element_type=\"widget\" data-e-type=\"widget\" data-widget_type=\"spacer.default\">\n\t\t\t\t<div class=\"elementor-widget-container\">\n\t\t\t\t\t\t\t<div class=\"elementor-spacer\">\n\t\t\t<div class=\"elementor-spacer-inner\"><\/div>\n\t\t<\/div>\n\t\t\t\t\t\t<\/div>\n\t\t\t\t<\/div>\n\t\t\t\t\t<\/div>\n\t\t<\/div>\n\t\t\t\t\t<\/div>\n\t\t<\/section>\n\t\t\t\t<section class=\"elementor-section elementor-top-section elementor-element elementor-element-f8dc22f section-white home-1 elementor-section-full_width elementor-section-stretched elementor-section-height-default elementor-section-height-default parallax_section_no qode_elementor_container_no\" data-id=\"f8dc22f\" data-element_type=\"section\" data-e-type=\"section\" data-settings=\"{&quot;stretch_section&quot;:&quot;section-stretched&quot;}\">\n\t\t\t\t\t\t<div class=\"elementor-container elementor-column-gap-default\">\n\t\t\t\t\t<div class=\"elementor-column elementor-col-100 elementor-top-column elementor-element elementor-element-2d82547\" data-id=\"2d82547\" data-element_type=\"column\" data-e-type=\"column\">\n\t\t\t<div class=\"elementor-widget-wrap elementor-element-populated\">\n\t\t\t\t\t\t<section class=\"elementor-section elementor-inner-section elementor-element elementor-element-055a3c1 block-wide elementor-section-full_width elementor-section-height-default elementor-section-height-default parallax_section_no qode_elementor_container_no\" data-id=\"055a3c1\" data-element_type=\"section\" data-e-type=\"section\">\n\t\t\t\t\t\t<div class=\"elementor-container elementor-column-gap-default\">\n\t\t\t\t\t<div class=\"elementor-column elementor-col-50 elementor-inner-column elementor-element elementor-element-fbf3e97 block-img\" data-id=\"fbf3e97\" data-element_type=\"column\" data-e-type=\"column\">\n\t\t\t<div class=\"elementor-widget-wrap elementor-element-populated\">\n\t\t\t\t\t\t<div class=\"elementor-element elementor-element-15268e1 elementor-widget elementor-widget-image\" data-id=\"15268e1\" data-element_type=\"widget\" data-e-type=\"widget\" data-widget_type=\"image.default\">\n\t\t\t\t<div class=\"elementor-widget-container\">\n\t\t\t\t\t\t\t\t\t\t\t\t\t\t\t<img decoding=\"async\" width=\"800\" height=\"450\" src=\"https:\/\/millioneurolisting.es\/wp-content\/uploads\/2021\/05\/villa-zwembad.jpg\" class=\"attachment-large size-large wp-image-561\" alt=\"\" srcset=\"https:\/\/millioneurolisting.es\/wp-content\/uploads\/2021\/05\/villa-zwembad.jpg 800w, https:\/\/millioneurolisting.es\/wp-content\/uploads\/2021\/05\/villa-zwembad-300x169.jpg 300w, https:\/\/millioneurolisting.es\/wp-content\/uploads\/2021\/05\/villa-zwembad-768x432.jpg 768w, https:\/\/millioneurolisting.es\/wp-content\/uploads\/2021\/05\/villa-zwembad-700x394.jpg 700w, https:\/\/millioneurolisting.es\/wp-content\/uploads\/2021\/05\/villa-zwembad-539x303.jpg 539w\" sizes=\"(max-width: 800px) 100vw, 800px\" \/>\t\t\t\t\t\t\t\t\t\t\t\t\t\t\t<\/div>\n\t\t\t\t<\/div>\n\t\t\t\t\t<\/div>\n\t\t<\/div>\n\t\t\t\t<div class=\"elementor-column elementor-col-50 elementor-inner-column elementor-element elementor-element-e712b63 block-content\" data-id=\"e712b63\" data-element_type=\"column\" data-e-type=\"column\">\n\t\t\t<div class=\"elementor-widget-wrap elementor-element-populated\">\n\t\t\t\t\t\t<div class=\"elementor-element elementor-element-4f7d86a elementor-widget elementor-widget-html\" data-id=\"4f7d86a\" data-element_type=\"widget\" data-e-type=\"widget\" data-widget_type=\"html.default\">\n\t\t\t\t<div class=\"elementor-widget-container\">\n\t\t\t\t\t<p><span>AFFIDABILE E DISCRETO!<\/span><\/p>\t\t\t\t<\/div>\n\t\t\t\t<\/div>\n\t\t\t\t<div class=\"elementor-element elementor-element-cd9f69d elementor-widget elementor-widget-spacer\" data-id=\"cd9f69d\" data-element_type=\"widget\" data-e-type=\"widget\" data-widget_type=\"spacer.default\">\n\t\t\t\t<div class=\"elementor-widget-container\">\n\t\t\t\t\t\t\t<div class=\"elementor-spacer\">\n\t\t\t<div class=\"elementor-spacer-inner\"><\/div>\n\t\t<\/div>\n\t\t\t\t\t\t<\/div>\n\t\t\t\t<\/div>\n\t\t\t\t<div class=\"elementor-element elementor-element-c709afa elementor-widget elementor-widget-bridge_button_v2\" data-id=\"c709afa\" data-element_type=\"widget\" data-e-type=\"widget\" data-widget_type=\"bridge_button_v2.default\">\n\t\t\t\t<div class=\"elementor-widget-container\">\n\t\t\t\t\t\n\n\t<a href=\"https:\/\/millioneurolisting.es\/it\/lifestyle-delle-proprieta\/\" target=\"_self\"  class=\"qode-btn qode-btn-medium qode-btn-simple qode-btn-icon\"  >\n\t    <span class=\"qode-btn-text\">Lifestyle delle propriet\u00e0<\/span>\t<\/a>\n\n\t\t\t\t<\/div>\n\t\t\t\t<\/div>\n\t\t\t\t<div class=\"elementor-element elementor-element-81d1465 elementor-widget elementor-widget-bridge_button_v2\" data-id=\"81d1465\" data-element_type=\"widget\" data-e-type=\"widget\" data-widget_type=\"bridge_button_v2.default\">\n\t\t\t\t<div class=\"elementor-widget-container\">\n\t\t\t\t\t\n\n\t<a href=\"https:\/\/millioneurolisting.es\/it\/marbella-lifestyle\/\" target=\"_self\"  class=\"qode-btn qode-btn-medium qode-btn-simple qode-btn-icon\"  >\n\t    <span class=\"qode-btn-text\">Marbella lifestyle<\/span>\t<\/a>\n\n\t\t\t\t<\/div>\n\t\t\t\t<\/div>\n\t\t\t\t<div class=\"elementor-element elementor-element-e7a3b86 elementor-widget elementor-widget-spacer\" data-id=\"e7a3b86\" data-element_type=\"widget\" data-e-type=\"widget\" data-widget_type=\"spacer.default\">\n\t\t\t\t<div class=\"elementor-widget-container\">\n\t\t\t\t\t\t\t<div class=\"elementor-spacer\">\n\t\t\t<div class=\"elementor-spacer-inner\"><\/div>\n\t\t<\/div>\n\t\t\t\t\t\t<\/div>\n\t\t\t\t<\/div>\n\t\t\t\t\t<\/div>\n\t\t<\/div>\n\t\t\t\t\t<\/div>\n\t\t<\/section>\n\t\t\t\t\t<\/div>\n\t\t<\/div>\n\t\t\t\t\t<\/div>\n\t\t<\/section>\n\t\t\t\t<section class=\"elementor-section elementor-top-section elementor-element elementor-element-deb26a7 elementor-section-stretched section-grey elementor-section-boxed elementor-section-height-default elementor-section-height-default parallax_section_no qode_elementor_container_no\" data-id=\"deb26a7\" data-element_type=\"section\" data-e-type=\"section\" data-settings=\"{&quot;stretch_section&quot;:&quot;section-stretched&quot;}\">\n\t\t\t\t\t\t<div class=\"elementor-container elementor-column-gap-default\">\n\t\t\t\t\t<div class=\"elementor-column elementor-col-100 elementor-top-column elementor-element elementor-element-74f3659\" data-id=\"74f3659\" data-element_type=\"column\" data-e-type=\"column\">\n\t\t\t<div class=\"elementor-widget-wrap elementor-element-populated\">\n\t\t\t\t\t\t<section class=\"elementor-section elementor-inner-section elementor-element elementor-element-4d62878 elementor-section-boxed elementor-section-height-default elementor-section-height-default parallax_section_no qode_elementor_container_no\" data-id=\"4d62878\" data-element_type=\"section\" data-e-type=\"section\">\n\t\t\t\t\t\t<div class=\"elementor-container elementor-column-gap-default\">\n\t\t\t\t\t<div class=\"elementor-column elementor-col-100 elementor-inner-column elementor-element elementor-element-de73f20\" data-id=\"de73f20\" data-element_type=\"column\" data-e-type=\"column\">\n\t\t\t<div class=\"elementor-widget-wrap elementor-element-populated\">\n\t\t\t\t\t\t<div class=\"elementor-element elementor-element-e126bc7 elementor-widget elementor-widget-html\" data-id=\"e126bc7\" data-element_type=\"widget\" data-e-type=\"widget\" data-widget_type=\"html.default\">\n\t\t\t\t<div class=\"elementor-widget-container\">\n\t\t\t\t\t<h2>Million Euro Listing si distingue da tutte le altre agenzie. Per\u00f3 come?<\/h2>\t\t\t\t<\/div>\n\t\t\t\t<\/div>\n\t\t\t\t\t<\/div>\n\t\t<\/div>\n\t\t\t\t\t<\/div>\n\t\t<\/section>\n\t\t\t\t<section class=\"elementor-section elementor-inner-section elementor-element elementor-element-f95144a elementor-section-boxed elementor-section-height-default elementor-section-height-default parallax_section_no qode_elementor_container_no\" data-id=\"f95144a\" data-element_type=\"section\" data-e-type=\"section\">\n\t\t\t\t\t\t<div class=\"elementor-container elementor-column-gap-default\">\n\t\t\t\t\t<div class=\"elementor-column elementor-col-50 elementor-inner-column elementor-element elementor-element-55dadc2 block-white\" data-id=\"55dadc2\" data-element_type=\"column\" data-e-type=\"column\">\n\t\t\t<div class=\"elementor-widget-wrap elementor-element-populated\">\n\t\t\t\t\t\t<div class=\"elementor-element elementor-element-667201c text-cross elementor-widget elementor-widget-text-editor\" data-id=\"667201c\" data-element_type=\"widget\" data-e-type=\"widget\" data-widget_type=\"text-editor.default\">\n\t\t\t\t<div class=\"elementor-widget-container\">\n\t\t\t\t\t\t\t\t\t<ul><li>Non troverete i nostri annunci sul nostro sito web per motivi di privacy dei nostri clienti. I nostri annunci sono presentati solo sui portali pi\u00f9 esclusivi. Tuttavia, presentiamo regolarmente i nuovi sviluppi su Linkedin e altri social media.<\/li><li>Essere coinvolti con venditore e acquirente sulla stessa propriet\u00e0 porterebbe portare a un conflitto di interessi<\/li><\/ul>\t\t\t\t\t\t\t\t<\/div>\n\t\t\t\t<\/div>\n\t\t\t\t\t<\/div>\n\t\t<\/div>\n\t\t\t\t<div class=\"elementor-column elementor-col-50 elementor-inner-column elementor-element elementor-element-1cd0ff2 block-white\" data-id=\"1cd0ff2\" data-element_type=\"column\" data-e-type=\"column\">\n\t\t\t<div class=\"elementor-widget-wrap elementor-element-populated\">\n\t\t\t\t\t\t<div class=\"elementor-element elementor-element-ea8c6e1 text-check elementor-widget elementor-widget-text-editor\" data-id=\"ea8c6e1\" data-element_type=\"widget\" data-e-type=\"widget\" data-widget_type=\"text-editor.default\">\n\t\t\t\t<div class=\"elementor-widget-container\">\n\t\t\t\t\t\t\t\t\t<ul><li>Tu sei al centro della nostra attenzione<\/li><li>Lavoriamo da un punto di partenza puro e indipendente e siamo qui per te. Sei speciale e unico con i tuoi desideri e le tue esigenze.<\/li><li>Crediamo che l&#8217;acquisto di una propriet\u00e0 sia una questione personale, parlare la tua lingua madre \u00e8 un must.<\/li><\/ul>\t\t\t\t\t\t\t\t<\/div>\n\t\t\t\t<\/div>\n\t\t\t\t\t<\/div>\n\t\t<\/div>\n\t\t\t\t\t<\/div>\n\t\t<\/section>\n\t\t\t\t\t<\/div>\n\t\t<\/div>\n\t\t\t\t\t<\/div>\n\t\t<\/section>\n\t\t\t\t<section class=\"elementor-section elementor-top-section elementor-element elementor-element-dba9288 section-quote elementor-section-boxed elementor-section-height-default elementor-section-height-default parallax_section_no qode_elementor_container_no\" data-id=\"dba9288\" data-element_type=\"section\" data-e-type=\"section\">\n\t\t\t\t\t\t<div class=\"elementor-container elementor-column-gap-default\">\n\t\t\t\t\t<div class=\"elementor-column elementor-col-100 elementor-top-column elementor-element elementor-element-818c9c8\" data-id=\"818c9c8\" data-element_type=\"column\" data-e-type=\"column\">\n\t\t\t<div class=\"elementor-widget-wrap elementor-element-populated\">\n\t\t\t\t\t\t<section class=\"elementor-section elementor-inner-section elementor-element elementor-element-ec2b156 elementor-section-boxed elementor-section-height-default elementor-section-height-default parallax_section_no qode_elementor_container_no\" data-id=\"ec2b156\" data-element_type=\"section\" data-e-type=\"section\">\n\t\t\t\t\t\t<div class=\"elementor-container elementor-column-gap-default\">\n\t\t\t\t\t<div class=\"elementor-column elementor-col-100 elementor-inner-column elementor-element elementor-element-a29f499 block-content\" data-id=\"a29f499\" data-element_type=\"column\" data-e-type=\"column\">\n\t\t\t<div class=\"elementor-widget-wrap elementor-element-populated\">\n\t\t\t\t\t\t<div class=\"elementor-element elementor-element-5662313 elementor-widget elementor-widget-html\" data-id=\"5662313\" data-element_type=\"widget\" data-e-type=\"widget\" data-widget_type=\"html.default\">\n\t\t\t\t<div class=\"elementor-widget-container\">\n\t\t\t\t\t<h2>\u201cSe il tuo sogno \u00e8 possedere una meravigliosa propriet\u00e0 sulla Costa del Sol, <span>Million Euro Listing<\/span> \u00e8 il pezzo mancante del puzzle per realizzare questo sogno.\u201d<\/h2>\t\t\t\t<\/div>\n\t\t\t\t<\/div>\n\t\t\t\t\t<\/div>\n\t\t<\/div>\n\t\t\t\t\t<\/div>\n\t\t<\/section>\n\t\t\t\t\t<\/div>\n\t\t<\/div>\n\t\t\t\t\t<\/div>\n\t\t<\/section>\n\t\t\t\t<\/div>\n\t\t","protected":false},"excerpt":{"rendered":"<p>Benvenuti nel soleggiato mondo del lusso di Marbella, benvenuti in Costa del Sol! Marbella \u00e8 la destinazione giusta per realizzare i tuoi sogni. Marbella, perla della Costa del Sol, \u00e8 stata nominata migliore destinazione di viaggio in Europa per il 2024 da European Best Destination&#8230;.<\/p>\n","protected":false},"author":1,"featured_media":0,"parent":0,"menu_order":0,"comment_status":"closed","ping_status":"closed","template":"","meta":{"_acf_changed":false,"inline_featured_image":false,"footnotes":""},"class_list":["post-872","page","type-page","status-publish","hentry"],"acf":[],"_links":{"self":[{"href":"https:\/\/millioneurolisting.es\/it\/wp-json\/wp\/v2\/pages\/872","targetHints":{"allow":["GET"]}}],"collection":[{"href":"https:\/\/millioneurolisting.es\/it\/wp-json\/wp\/v2\/pages"}],"about":[{"href":"https:\/\/millioneurolisting.es\/it\/wp-json\/wp\/v2\/types\/page"}],"author":[{"embeddable":true,"href":"https:\/\/millioneurolisting.es\/it\/wp-json\/wp\/v2\/users\/1"}],"replies":[{"embeddable":true,"href":"https:\/\/millioneurolisting.es\/it\/wp-json\/wp\/v2\/comments?post=872"}],"version-history":[{"count":5,"href":"https:\/\/millioneurolisting.es\/it\/wp-json\/wp\/v2\/pages\/872\/revisions"}],"predecessor-version":[{"id":1874,"href":"https:\/\/millioneurolisting.es\/it\/wp-json\/wp\/v2\/pages\/872\/revisions\/1874"}],"wp:attachment":[{"href":"https:\/\/millioneurolisting.es\/it\/wp-json\/wp\/v2\/media?parent=872"}],"curies":[{"name":"wp","href":"https:\/\/api.w.org\/{rel}","templated":true}]}}