{"id":920,"date":"2021-05-13T19:14:07","date_gmt":"2021-05-13T19:14:07","guid":{"rendered":"https:\/\/millioneurolisting.es\/how-we-work\/"},"modified":"2024-02-16T11:39:56","modified_gmt":"2024-02-16T10:39:56","slug":"wie-wir-arbeiten","status":"publish","type":"page","link":"https:\/\/millioneurolisting.es\/de\/wie-wir-arbeiten\/","title":{"rendered":"Wie wir arbeiten"},"content":{"rendered":"\t\t<div data-elementor-type=\"wp-page\" data-elementor-id=\"920\" class=\"elementor elementor-920 elementor-126\">\n\t\t\t\t\t\t<section class=\"elementor-section elementor-top-section elementor-element elementor-element-02ed09a elementor-section-full_width elementor-section-content-top elementor-section-stretched elementor-section-height-default elementor-section-height-default parallax_section_no qode_elementor_container_no\" data-id=\"02ed09a\" data-element_type=\"section\" data-e-type=\"section\" data-settings=\"{&quot;stretch_section&quot;:&quot;section-stretched&quot;}\">\n\t\t\t\t\t\t<div class=\"elementor-container elementor-column-gap-default\">\n\t\t\t\t\t<div class=\"elementor-column elementor-col-100 elementor-top-column elementor-element elementor-element-e4361c7 page-image-top\" data-id=\"e4361c7\" data-element_type=\"column\" data-e-type=\"column\">\n\t\t\t<div class=\"elementor-widget-wrap elementor-element-populated\">\n\t\t\t\t\t\t<div class=\"elementor-element elementor-element-382a2db elementor-widget elementor-widget-image\" data-id=\"382a2db\" data-element_type=\"widget\" data-e-type=\"widget\" data-widget_type=\"image.default\">\n\t\t\t\t<div class=\"elementor-widget-container\">\n\t\t\t\t\t\t\t\t\t\t\t\t\t\t\t<img fetchpriority=\"high\" decoding=\"async\" width=\"1600\" height=\"450\" src=\"https:\/\/millioneurolisting.es\/wp-content\/uploads\/2021\/07\/MEL-hww.jpg\" class=\"attachment-full size-full wp-image-1248\" alt=\"\" srcset=\"https:\/\/millioneurolisting.es\/wp-content\/uploads\/2021\/07\/MEL-hww.jpg 1600w, https:\/\/millioneurolisting.es\/wp-content\/uploads\/2021\/07\/MEL-hww-300x84.jpg 300w, https:\/\/millioneurolisting.es\/wp-content\/uploads\/2021\/07\/MEL-hww-1024x288.jpg 1024w, https:\/\/millioneurolisting.es\/wp-content\/uploads\/2021\/07\/MEL-hww-768x216.jpg 768w, https:\/\/millioneurolisting.es\/wp-content\/uploads\/2021\/07\/MEL-hww-1536x432.jpg 1536w, https:\/\/millioneurolisting.es\/wp-content\/uploads\/2021\/07\/MEL-hww-700x197.jpg 700w\" sizes=\"(max-width: 1600px) 100vw, 1600px\" \/>\t\t\t\t\t\t\t\t\t\t\t\t\t\t\t<\/div>\n\t\t\t\t<\/div>\n\t\t\t\t\t<\/div>\n\t\t<\/div>\n\t\t\t\t\t<\/div>\n\t\t<\/section>\n\t\t\t\t<section class=\"elementor-section elementor-top-section elementor-element elementor-element-a0070fc home-intro elementor-section-boxed elementor-section-height-default elementor-section-height-default parallax_section_no qode_elementor_container_no\" data-id=\"a0070fc\" data-element_type=\"section\" data-e-type=\"section\">\n\t\t\t\t\t\t<div class=\"elementor-container elementor-column-gap-default\">\n\t\t\t\t\t<div class=\"elementor-column elementor-col-100 elementor-top-column elementor-element elementor-element-027f948 section-intro\" data-id=\"027f948\" data-element_type=\"column\" data-e-type=\"column\">\n\t\t\t<div class=\"elementor-widget-wrap elementor-element-populated\">\n\t\t\t\t\t\t<section class=\"elementor-section elementor-inner-section elementor-element elementor-element-bdcd9a3 elementor-section-boxed elementor-section-height-default elementor-section-height-default parallax_section_no qode_elementor_container_no\" data-id=\"bdcd9a3\" data-element_type=\"section\" data-e-type=\"section\">\n\t\t\t\t\t\t<div class=\"elementor-container elementor-column-gap-default\">\n\t\t\t\t\t<div class=\"elementor-column elementor-col-100 elementor-inner-column elementor-element elementor-element-7025779 block-content\" data-id=\"7025779\" data-element_type=\"column\" data-e-type=\"column\">\n\t\t\t<div class=\"elementor-widget-wrap elementor-element-populated\">\n\t\t\t\t\t\t<div class=\"elementor-element elementor-element-fed47fa elementor-widget elementor-widget-html\" data-id=\"fed47fa\" data-element_type=\"widget\" data-e-type=\"widget\" data-widget_type=\"html.default\">\n\t\t\t\t<div class=\"elementor-widget-container\">\n\t\t\t\t\t<h1>Wenn das Leben hektisch ist, erlauben sie sich nur das beste an der Costa del Sol.\n<\/h1>\t\t\t\t<\/div>\n\t\t\t\t<\/div>\n\t\t\t\t\t<\/div>\n\t\t<\/div>\n\t\t\t\t\t<\/div>\n\t\t<\/section>\n\t\t\t\t\t<\/div>\n\t\t<\/div>\n\t\t\t\t\t<\/div>\n\t\t<\/section>\n\t\t\t\t<section class=\"elementor-section elementor-top-section elementor-element elementor-element-715c0ae elementor-section-stretched section-grey elementor-section-boxed elementor-section-height-default elementor-section-height-default parallax_section_no qode_elementor_container_no\" data-id=\"715c0ae\" data-element_type=\"section\" data-e-type=\"section\" data-settings=\"{&quot;stretch_section&quot;:&quot;section-stretched&quot;}\">\n\t\t\t\t\t\t<div class=\"elementor-container elementor-column-gap-default\">\n\t\t\t\t\t<div class=\"elementor-column elementor-col-100 elementor-top-column elementor-element elementor-element-9309780 block-contact\" data-id=\"9309780\" data-element_type=\"column\" data-e-type=\"column\">\n\t\t\t<div class=\"elementor-widget-wrap elementor-element-populated\">\n\t\t\t\t\t\t<section class=\"elementor-section elementor-inner-section elementor-element elementor-element-5102916 elementor-section-boxed elementor-section-height-default elementor-section-height-default parallax_section_no qode_elementor_container_no\" data-id=\"5102916\" data-element_type=\"section\" data-e-type=\"section\">\n\t\t\t\t\t\t<div class=\"elementor-container elementor-column-gap-default\">\n\t\t\t\t\t<div class=\"elementor-column elementor-col-100 elementor-inner-column elementor-element elementor-element-2dc80fd\" data-id=\"2dc80fd\" data-element_type=\"column\" data-e-type=\"column\">\n\t\t\t<div class=\"elementor-widget-wrap elementor-element-populated\">\n\t\t\t\t\t\t<div class=\"elementor-element elementor-element-fbed749 elementor-widget elementor-widget-html\" data-id=\"fbed749\" data-element_type=\"widget\" data-e-type=\"widget\" data-widget_type=\"html.default\">\n\t\t\t\t<div class=\"elementor-widget-container\">\n\t\t\t\t\t<p><span>Heutzutage leben wir in einer hektischen, gesch\u00e4ftigen Welt und ein zweites Zuhause ist die Flucht vor Routine, Stress, Gesch\u00e4ft und Publizit\u00e4t. Seien Sie sich bewusst: ZEIT ist Ihr wertvollstes Kapital w\u00e4hrend Ihres Aufenthalts.<\/span><\/p>\r\r<p>Sie sich mit Familie und Freunden am\u00fcsieren oder Arbeit mit Freizeit verbinden in Ihrem Traumhaus an der Costa del Sol, umgeben von Stil und au\u00dfergew\u00f6hnlicher Qualit\u00e4t? Dann w\u00e4hlen Sie Million Euro Listing <span style=\"color: #c29b40;text-transform:none;font-weight: 400;\">Million Euro Listing<\/span> , um diesen Traum zu finden.<\/p>\r\r<p><em>Wir arbeiten anders, sind voll konzentriert, engagiert, professionell und leidenschaftlich. Wir haben die M\u00f6glichkeit, das volle Potenzial jeder Immobilie zu erkennen und Ihnen dabei zu helfen, das Beste aus Ihrem Leben herauszuholen.<\/em><\/p>\t\t\t\t<\/div>\n\t\t\t\t<\/div>\n\t\t\t\t\t<\/div>\n\t\t<\/div>\n\t\t\t\t\t<\/div>\n\t\t<\/section>\n\t\t\t\t<section class=\"elementor-section elementor-inner-section elementor-element elementor-element-036cb74 elementor-section-boxed elementor-section-height-default elementor-section-height-default parallax_section_no qode_elementor_container_no\" data-id=\"036cb74\" data-element_type=\"section\" data-e-type=\"section\">\n\t\t\t\t\t\t<div class=\"elementor-container elementor-column-gap-default\">\n\t\t\t\t\t<div class=\"elementor-column elementor-col-100 elementor-inner-column elementor-element elementor-element-3ce6b90 block-white\" data-id=\"3ce6b90\" data-element_type=\"column\" data-e-type=\"column\">\n\t\t\t<div class=\"elementor-widget-wrap elementor-element-populated\">\n\t\t\t\t\t\t<div class=\"elementor-element elementor-element-9eecdf7 text-list elementor-widget elementor-widget-text-editor\" data-id=\"9eecdf7\" data-element_type=\"widget\" data-e-type=\"widget\" data-widget_type=\"text-editor.default\">\n\t\t\t\t<div class=\"elementor-widget-container\">\n\t\t\t\t\t\t\t\t\t<ul><li>Keine eigenen Inserate auf unserer Website:<br \/>Anders als \u00fcblich stellen wir aus Gr\u00fcnden des Datenschutzes keine eigenen Angebote auf unsere Website, unsere Angebote sind nur auf den exklusivsten Portalen der Welt zu finden. Allerdings zeigen wir neue Entwicklungen auf Social Media.<br \/>Au\u00dferdem glauben wir, dass Sie Ihr Traumhaus nicht aus einer ausgew\u00e4hlten Liste bekommen, die ein Immobilienmakler auf seine eigene Website stellt, weil die Chancen minimal sind, dass das einzigartige Haus darunter ist. Nein, Sie wollen einen Immobilienmakler haben, der gezielt nach dem Haus sucht, das nur f\u00fcr Sie bestimmt ist. Der unabh\u00e4ngig ist und frei verhandeln kann, ohne gleichzeitig mit dem Verk\u00e4ufer \u00fcber dieselbe Immobilie zu verhandeln, denn das f\u00fchrt nur zu einem Interessenkonflikt.\u00a0<\/li><li>Wir h\u00f6ren Ihnen zu: Wir nehmen uns die Zeit, um wirklich zuzuh\u00f6ren und genau zu verstehen, was Sie finden m\u00f6chten. Wir bieten eine breite Palette einzigartiger Dienstleistungen und \u00fcbertreffen Ihre Erwartungen.<\/li><li>Mehrsprachig: Wir k\u00f6nnen Ihnen in folgenden Sprachen helfen: Englisch, Deutsch, Niederl\u00e4ndisch, Spanisch, Italienisch und Russisch.<\/li><li>Fachleute w\u00e4hrend des Kaufprozesses: Wir bieten einen engen, pers\u00f6nlichen und spezialisierten Service, der f\u00fcr den erfolgreichen Abschluss der Akquisition erforderlich ist. Das hei\u00dft, wir k\u00f6nnen passende Anw\u00e4lte, Hypothekenberater, Versicherungsunternehmen und Steuerberater anbieten: alles in Ihrer eigenen Sprache.<\/li><li>Jedes Projekt wird vor, w\u00e4hrend und nach dem Kauf mit gr\u00f6\u00dfter Privatsph\u00e4re und Diskretion behandelt.<\/li><\/ul>\t\t\t\t\t\t\t\t<\/div>\n\t\t\t\t<\/div>\n\t\t\t\t\t<\/div>\n\t\t<\/div>\n\t\t\t\t\t<\/div>\n\t\t<\/section>\n\t\t\t\t<div class=\"elementor-element elementor-element-397e49b elementor-widget elementor-widget-spacer\" data-id=\"397e49b\" data-element_type=\"widget\" data-e-type=\"widget\" data-widget_type=\"spacer.default\">\n\t\t\t\t<div class=\"elementor-widget-container\">\n\t\t\t\t\t\t\t<div class=\"elementor-spacer\">\n\t\t\t<div class=\"elementor-spacer-inner\"><\/div>\n\t\t<\/div>\n\t\t\t\t\t\t<\/div>\n\t\t\t\t<\/div>\n\t\t\t\t\t<\/div>\n\t\t<\/div>\n\t\t\t\t\t<\/div>\n\t\t<\/section>\n\t\t\t\t<section class=\"elementor-section elementor-top-section elementor-element elementor-element-f8dc22f section-white home-1 elementor-section-full_width elementor-section-stretched elementor-section-height-default elementor-section-height-default parallax_section_no qode_elementor_container_no\" data-id=\"f8dc22f\" data-element_type=\"section\" data-e-type=\"section\" data-settings=\"{&quot;stretch_section&quot;:&quot;section-stretched&quot;}\">\n\t\t\t\t\t\t<div class=\"elementor-container elementor-column-gap-default\">\n\t\t\t\t\t<div class=\"elementor-column elementor-col-100 elementor-top-column elementor-element elementor-element-2d82547\" data-id=\"2d82547\" data-element_type=\"column\" data-e-type=\"column\">\n\t\t\t<div class=\"elementor-widget-wrap elementor-element-populated\">\n\t\t\t\t\t\t<section class=\"elementor-section elementor-inner-section elementor-element elementor-element-055a3c1 block-wide elementor-section-full_width elementor-section-height-default elementor-section-height-default parallax_section_no qode_elementor_container_no\" data-id=\"055a3c1\" data-element_type=\"section\" data-e-type=\"section\">\n\t\t\t\t\t\t<div class=\"elementor-container elementor-column-gap-default\">\n\t\t\t\t\t<div class=\"elementor-column elementor-col-50 elementor-inner-column elementor-element elementor-element-fbf3e97 block-img\" data-id=\"fbf3e97\" data-element_type=\"column\" data-e-type=\"column\">\n\t\t\t<div class=\"elementor-widget-wrap elementor-element-populated\">\n\t\t\t\t\t\t<div class=\"elementor-element elementor-element-15268e1 elementor-widget elementor-widget-image\" data-id=\"15268e1\" data-element_type=\"widget\" data-e-type=\"widget\" data-widget_type=\"image.default\">\n\t\t\t\t<div class=\"elementor-widget-container\">\n\t\t\t\t\t\t\t\t\t\t\t\t\t\t\t<img decoding=\"async\" width=\"800\" height=\"450\" src=\"https:\/\/millioneurolisting.es\/wp-content\/uploads\/2021\/05\/pool-parasol.jpg\" class=\"attachment-full size-full wp-image-569\" alt=\"\" srcset=\"https:\/\/millioneurolisting.es\/wp-content\/uploads\/2021\/05\/pool-parasol.jpg 800w, https:\/\/millioneurolisting.es\/wp-content\/uploads\/2021\/05\/pool-parasol-300x169.jpg 300w, https:\/\/millioneurolisting.es\/wp-content\/uploads\/2021\/05\/pool-parasol-768x432.jpg 768w, https:\/\/millioneurolisting.es\/wp-content\/uploads\/2021\/05\/pool-parasol-700x394.jpg 700w, https:\/\/millioneurolisting.es\/wp-content\/uploads\/2021\/05\/pool-parasol-539x303.jpg 539w\" sizes=\"(max-width: 800px) 100vw, 800px\" \/>\t\t\t\t\t\t\t\t\t\t\t\t\t\t\t<\/div>\n\t\t\t\t<\/div>\n\t\t\t\t\t<\/div>\n\t\t<\/div>\n\t\t\t\t<div class=\"elementor-column elementor-col-50 elementor-inner-column elementor-element elementor-element-e712b63 block-content\" data-id=\"e712b63\" data-element_type=\"column\" data-e-type=\"column\">\n\t\t\t<div class=\"elementor-widget-wrap elementor-element-populated\">\n\t\t\t\t\t\t<div class=\"elementor-element elementor-element-1a4be4b elementor-widget elementor-widget-spacer\" data-id=\"1a4be4b\" data-element_type=\"widget\" data-e-type=\"widget\" data-widget_type=\"spacer.default\">\n\t\t\t\t<div class=\"elementor-widget-container\">\n\t\t\t\t\t\t\t<div class=\"elementor-spacer\">\n\t\t\t<div class=\"elementor-spacer-inner\"><\/div>\n\t\t<\/div>\n\t\t\t\t\t\t<\/div>\n\t\t\t\t<\/div>\n\t\t\t\t<div class=\"elementor-element elementor-element-4f7d86a elementor-widget elementor-widget-html\" data-id=\"4f7d86a\" data-element_type=\"widget\" data-e-type=\"widget\" data-widget_type=\"html.default\">\n\t\t\t\t<div class=\"elementor-widget-container\">\n\t\t\t\t\t<p><span>Wir wagen es, anders zu sein!\n<\/span><\/p>\t\t\t\t<\/div>\n\t\t\t\t<\/div>\n\t\t\t\t<div class=\"elementor-element elementor-element-cd9f69d elementor-widget elementor-widget-spacer\" data-id=\"cd9f69d\" data-element_type=\"widget\" data-e-type=\"widget\" data-widget_type=\"spacer.default\">\n\t\t\t\t<div class=\"elementor-widget-container\">\n\t\t\t\t\t\t\t<div class=\"elementor-spacer\">\n\t\t\t<div class=\"elementor-spacer-inner\"><\/div>\n\t\t<\/div>\n\t\t\t\t\t\t<\/div>\n\t\t\t\t<\/div>\n\t\t\t\t<div class=\"elementor-element elementor-element-c709afa elementor-widget elementor-widget-bridge_button_v2\" data-id=\"c709afa\" data-element_type=\"widget\" data-e-type=\"widget\" data-widget_type=\"bridge_button_v2.default\">\n\t\t\t\t<div class=\"elementor-widget-container\">\n\t\t\t\t\t\n\n\t<a href=\"https:\/\/millioneurolisting.es\/de\/immobilien-lifestyles\/\" target=\"_self\"  class=\"qode-btn qode-btn-medium qode-btn-simple qode-btn-icon\"  >\n\t    <span class=\"qode-btn-text\">Immobilien lifestyles<\/span>\t<\/a>\n\n\t\t\t\t<\/div>\n\t\t\t\t<\/div>\n\t\t\t\t<div class=\"elementor-element elementor-element-81d1465 elementor-widget elementor-widget-bridge_button_v2\" data-id=\"81d1465\" data-element_type=\"widget\" data-e-type=\"widget\" data-widget_type=\"bridge_button_v2.default\">\n\t\t\t\t<div class=\"elementor-widget-container\">\n\t\t\t\t\t\n\n\t<a href=\"https:\/\/millioneurolisting.es\/de\/marbella-lifestyle\/\" target=\"_self\"  class=\"qode-btn qode-btn-medium qode-btn-simple qode-btn-icon\"  >\n\t    <span class=\"qode-btn-text\">Marbella lifestyle<\/span>\t<\/a>\n\n\t\t\t\t<\/div>\n\t\t\t\t<\/div>\n\t\t\t\t<div class=\"elementor-element elementor-element-e7a3b86 elementor-widget elementor-widget-spacer\" data-id=\"e7a3b86\" data-element_type=\"widget\" data-e-type=\"widget\" data-widget_type=\"spacer.default\">\n\t\t\t\t<div class=\"elementor-widget-container\">\n\t\t\t\t\t\t\t<div class=\"elementor-spacer\">\n\t\t\t<div class=\"elementor-spacer-inner\"><\/div>\n\t\t<\/div>\n\t\t\t\t\t\t<\/div>\n\t\t\t\t<\/div>\n\t\t\t\t\t<\/div>\n\t\t<\/div>\n\t\t\t\t\t<\/div>\n\t\t<\/section>\n\t\t\t\t\t<\/div>\n\t\t<\/div>\n\t\t\t\t\t<\/div>\n\t\t<\/section>\n\t\t\t\t<section class=\"elementor-section elementor-top-section elementor-element elementor-element-deb26a7 elementor-section-stretched section-grey elementor-section-boxed elementor-section-height-default elementor-section-height-default parallax_section_no qode_elementor_container_no\" data-id=\"deb26a7\" data-element_type=\"section\" data-e-type=\"section\" data-settings=\"{&quot;stretch_section&quot;:&quot;section-stretched&quot;}\">\n\t\t\t\t\t\t<div class=\"elementor-container elementor-column-gap-default\">\n\t\t\t\t\t<div class=\"elementor-column elementor-col-100 elementor-top-column elementor-element elementor-element-74f3659\" data-id=\"74f3659\" data-element_type=\"column\" data-e-type=\"column\">\n\t\t\t<div class=\"elementor-widget-wrap elementor-element-populated\">\n\t\t\t\t\t\t<section class=\"elementor-section elementor-inner-section elementor-element elementor-element-4d62878 elementor-section-boxed elementor-section-height-default elementor-section-height-default parallax_section_no qode_elementor_container_no\" data-id=\"4d62878\" data-element_type=\"section\" data-e-type=\"section\">\n\t\t\t\t\t\t<div class=\"elementor-container elementor-column-gap-default\">\n\t\t\t\t\t<div class=\"elementor-column elementor-col-100 elementor-inner-column elementor-element elementor-element-de73f20\" data-id=\"de73f20\" data-element_type=\"column\" data-e-type=\"column\">\n\t\t\t<div class=\"elementor-widget-wrap elementor-element-populated\">\n\t\t\t\t\t\t<div class=\"elementor-element elementor-element-e126bc7 elementor-widget elementor-widget-html\" data-id=\"e126bc7\" data-element_type=\"widget\" data-e-type=\"widget\" data-widget_type=\"html.default\">\n\t\t\t\t<div class=\"elementor-widget-container\">\n\t\t\t\t\t<h2>Wie wir w\u00e4hrend des kaufverfahrens arbeiten<\/h2>\t\t\t\t<\/div>\n\t\t\t\t<\/div>\n\t\t\t\t\t<\/div>\n\t\t<\/div>\n\t\t\t\t\t<\/div>\n\t\t<\/section>\n\t\t\t\t<section class=\"elementor-section elementor-inner-section elementor-element elementor-element-f95144a elementor-section-boxed elementor-section-height-default elementor-section-height-default parallax_section_no qode_elementor_container_no\" data-id=\"f95144a\" data-element_type=\"section\" data-e-type=\"section\">\n\t\t\t\t\t\t<div class=\"elementor-container elementor-column-gap-default\">\n\t\t\t\t\t<div class=\"elementor-column elementor-col-100 elementor-inner-column elementor-element elementor-element-ae3da0e block-white\" data-id=\"ae3da0e\" data-element_type=\"column\" data-e-type=\"column\">\n\t\t\t<div class=\"elementor-widget-wrap elementor-element-populated\">\n\t\t\t\t\t\t<div class=\"elementor-element elementor-element-9092170 text-list elementor-widget elementor-widget-text-editor\" data-id=\"9092170\" data-element_type=\"widget\" data-e-type=\"widget\" data-widget_type=\"text-editor.default\">\n\t\t\t\t<div class=\"elementor-widget-container\">\n\t\t\t\t\t\t\t\t\t<ul><li>Wir erhalten eine Nachricht von Ihnen, dass Sie daran interessiert sind, eine Immobilie zu kaufen<br \/>(Laut unserer Forschung kommen 75% unserer neuen Kunden aus Empfehlungen)<\/li><li>Wir rufen Sie so schnell wie m\u00f6glich \u00fcber Skype \/ Zoom \/ Teams an, um ein erstes Verst\u00e4ndnis f\u00fcr Ihre W\u00fcnsche zu erhalten<\/li><li>Nach dem Anruf senden wir Ihnen das Protokoll unseres Gespr\u00e4chs und einen Fragebogen f\u00fcr detailliertere Informationen<\/li><li>Erst nach Erhalt des Fragebogens starten wir unsere Suche und senden Ihnen mehrere Immobilienvorschl\u00e4ge (long list)<\/li><li>Wir besprechen die Vorschl\u00e4ge mit Ihnen, um die Suche einzugrenzen und bei Bedarf zus\u00e4tzliche Vorschl\u00e4ge zu unterbreiten<\/li><li>Basierend auf Ihren ausgew\u00e4hlten Immobilien werden wir sie f\u00fcr Sie besuchen und ein Live-Streaming durchf\u00fchren, um Ihre Fragen in Echtzeit zu beantworten<\/li><li>Nach der endg\u00fcltigen Liste (short list) der Immobilien laden wir Sie ein, auf eigene Kosten vorbeizukommen (wir k\u00f6nnen Ihnen bei Hotelreservierung, Mietwagen, Restaurantreservierungen usw. behilflich sein).<\/li><li>Wir laden Sie mit einem spanischen Getr\u00e4nk und Tapas in unser wundersch\u00f6nes Gartenb\u00fcro ein und erkl\u00e4ren Ihnen die Besichtigung f\u00fcr die n\u00e4chsten Tage und m\u00f6gliche Termine mit Juristen<\/li><li>Am n\u00e4chsten Tag starten wir mit den Besichtigungen<\/li><li>Sie treffen die endg\u00fcltige Entscheidung \u00fcber Ihre bevorzugte Immobilie<\/li><li>Beginn der Verhandlungen zwischen Million Euro Listing und Verk\u00e4ufer &amp; der deal wird geschlossen<\/li><li>Treffen mit Anw\u00e4lten und anderen Fachleuten, falls erforderlich (z. B. Hypothekenberater, Steuerberater usw.)<\/li><li>Reservierungsvertrag wird unterzeichnet und eine Anzahlung wird bezahlt, um die Immobilie vom Markt zu nehmen (erste Zahlung)<\/li><li>Sammeln von Informationen und Dokumenten durch Anw\u00e4lte und andere Fachkr\u00e4fte<\/li><li>Befristeter Kaufvertrag (Private Purchase Contract, PCP) wird in der Anwaltskanzlei unterzeichnet und Zahlung von oft 20% der Gesamtsumme minus Anzahlung (zweite Zahlung)<\/li><li>Der endg\u00fcltige Kaufvertrag wird beim Notar unterschrieben, die endg\u00fcltige Zahlung (80%) und die Schl\u00fcssel werden \u00fcbergeben (dritte Zahlung)<\/li><li>Sie sind jetzt der Besitzer Ihres spanischen Traumhauses! Herzlichen Gl\u00fcckwunsch!<\/li><li>Auf Anfrage k\u00f6nnen wir Ihnen nach dem Ankauf auch behilflich sein, z.B. Versicherungen, Innenarchitektur, Hausverwaltung, Renovierungen usw.<\/li><\/ul>\t\t\t\t\t\t\t\t<\/div>\n\t\t\t\t<\/div>\n\t\t\t\t\t<\/div>\n\t\t<\/div>\n\t\t\t\t\t<\/div>\n\t\t<\/section>\n\t\t\t\t\t<\/div>\n\t\t<\/div>\n\t\t\t\t\t<\/div>\n\t\t<\/section>\n\t\t\t\t<section class=\"elementor-section elementor-top-section elementor-element elementor-element-dba9288 section-quote elementor-section-boxed elementor-section-height-default elementor-section-height-default parallax_section_no qode_elementor_container_no\" data-id=\"dba9288\" data-element_type=\"section\" data-e-type=\"section\">\n\t\t\t\t\t\t<div class=\"elementor-container elementor-column-gap-default\">\n\t\t\t\t\t<div class=\"elementor-column elementor-col-100 elementor-top-column elementor-element elementor-element-818c9c8\" data-id=\"818c9c8\" data-element_type=\"column\" data-e-type=\"column\">\n\t\t\t<div class=\"elementor-widget-wrap elementor-element-populated\">\n\t\t\t\t\t\t<section class=\"elementor-section elementor-inner-section elementor-element elementor-element-ec2b156 elementor-section-boxed elementor-section-height-default elementor-section-height-default parallax_section_no qode_elementor_container_no\" data-id=\"ec2b156\" data-element_type=\"section\" data-e-type=\"section\">\n\t\t\t\t\t\t<div class=\"elementor-container elementor-column-gap-default\">\n\t\t\t\t\t<div class=\"elementor-column elementor-col-100 elementor-inner-column elementor-element elementor-element-a29f499 block-content\" data-id=\"a29f499\" data-element_type=\"column\" data-e-type=\"column\">\n\t\t\t<div class=\"elementor-widget-wrap elementor-element-populated\">\n\t\t\t\t\t\t<div class=\"elementor-element elementor-element-5662313 elementor-widget elementor-widget-html\" data-id=\"5662313\" data-element_type=\"widget\" data-e-type=\"widget\" data-widget_type=\"html.default\">\n\t\t\t\t<div class=\"elementor-widget-container\">\n\t\t\t\t\t<h2>Wir, von <span>Million Euro Listing<\/span>, sind bei jedem Schritt des Kaufprozesses mit Ihnen zusammen, um alle Fallstricke zu beseitigen. Wir unterst\u00fctzen und beraten Sie proaktiv und empfehlen Ihnen die besten beruflichen Anforderungen, die Ihnen helfen, Ihr spanisches Traumhaus mit dem besten Preis zu finden und zu kaufen.<\/h2>\t\t\t\t<\/div>\n\t\t\t\t<\/div>\n\t\t\t\t\t<\/div>\n\t\t<\/div>\n\t\t\t\t\t<\/div>\n\t\t<\/section>\n\t\t\t\t\t<\/div>\n\t\t<\/div>\n\t\t\t\t\t<\/div>\n\t\t<\/section>\n\t\t\t\t<\/div>\n\t\t","protected":false},"excerpt":{"rendered":"<p>Wenn das Leben hektisch ist, erlauben sie sich nur das beste an der Costa del Sol. Heutzutage leben wir in einer hektischen, gesch\u00e4ftigen Welt und ein zweites Zuhause ist die Flucht vor Routine, Stress, Gesch\u00e4ft und Publizit\u00e4t. Seien Sie sich bewusst: ZEIT ist Ihr wertvollstes&#8230;<\/p>\n","protected":false},"author":1,"featured_media":0,"parent":0,"menu_order":0,"comment_status":"closed","ping_status":"closed","template":"","meta":{"_acf_changed":false,"inline_featured_image":false,"footnotes":""},"class_list":["post-920","page","type-page","status-publish","hentry"],"acf":[],"_links":{"self":[{"href":"https:\/\/millioneurolisting.es\/de\/wp-json\/wp\/v2\/pages\/920","targetHints":{"allow":["GET"]}}],"collection":[{"href":"https:\/\/millioneurolisting.es\/de\/wp-json\/wp\/v2\/pages"}],"about":[{"href":"https:\/\/millioneurolisting.es\/de\/wp-json\/wp\/v2\/types\/page"}],"author":[{"embeddable":true,"href":"https:\/\/millioneurolisting.es\/de\/wp-json\/wp\/v2\/users\/1"}],"replies":[{"embeddable":true,"href":"https:\/\/millioneurolisting.es\/de\/wp-json\/wp\/v2\/comments?post=920"}],"version-history":[{"count":5,"href":"https:\/\/millioneurolisting.es\/de\/wp-json\/wp\/v2\/pages\/920\/revisions"}],"predecessor-version":[{"id":1837,"href":"https:\/\/millioneurolisting.es\/de\/wp-json\/wp\/v2\/pages\/920\/revisions\/1837"}],"wp:attachment":[{"href":"https:\/\/millioneurolisting.es\/de\/wp-json\/wp\/v2\/media?parent=920"}],"curies":[{"name":"wp","href":"https:\/\/api.w.org\/{rel}","templated":true}]}}