{"id":915,"date":"2021-05-11T18:36:57","date_gmt":"2021-05-11T18:36:57","guid":{"rendered":"https:\/\/millioneurolisting.es\/home\/"},"modified":"2024-02-16T12:54:17","modified_gmt":"2024-02-16T11:54:17","slug":"home","status":"publish","type":"page","link":"https:\/\/millioneurolisting.es\/de\/","title":{"rendered":"Home"},"content":{"rendered":"\t\t<div data-elementor-type=\"wp-page\" data-elementor-id=\"915\" class=\"elementor elementor-915 elementor-31\">\n\t\t\t\t\t\t<section class=\"elementor-section elementor-top-section elementor-element elementor-element-02ed09a elementor-section-full_width elementor-section-content-top elementor-section-stretched elementor-section-height-default elementor-section-height-default parallax_section_no qode_elementor_container_no\" data-id=\"02ed09a\" data-element_type=\"section\" data-e-type=\"section\" data-settings=\"{&quot;stretch_section&quot;:&quot;section-stretched&quot;}\">\n\t\t\t\t\t\t<div class=\"elementor-container elementor-column-gap-default\">\n\t\t\t\t\t<div class=\"elementor-column elementor-col-100 elementor-top-column elementor-element elementor-element-e4361c7 page-image-top\" data-id=\"e4361c7\" data-element_type=\"column\" data-e-type=\"column\">\n\t\t\t<div class=\"elementor-widget-wrap elementor-element-populated\">\n\t\t\t\t\t\t<div class=\"elementor-element elementor-element-382a2db elementor-widget elementor-widget-image\" data-id=\"382a2db\" data-element_type=\"widget\" data-e-type=\"widget\" data-widget_type=\"image.default\">\n\t\t\t\t<div class=\"elementor-widget-container\">\n\t\t\t\t\t\t\t\t\t\t\t\t\t\t\t<img fetchpriority=\"high\" decoding=\"async\" width=\"1800\" height=\"721\" src=\"https:\/\/millioneurolisting.es\/wp-content\/uploads\/2021\/05\/mel-banner.jpg\" class=\"attachment-full size-full wp-image-557\" alt=\"\" srcset=\"https:\/\/millioneurolisting.es\/wp-content\/uploads\/2021\/05\/mel-banner.jpg 1800w, https:\/\/millioneurolisting.es\/wp-content\/uploads\/2021\/05\/mel-banner-300x120.jpg 300w, https:\/\/millioneurolisting.es\/wp-content\/uploads\/2021\/05\/mel-banner-1024x410.jpg 1024w, https:\/\/millioneurolisting.es\/wp-content\/uploads\/2021\/05\/mel-banner-768x308.jpg 768w, https:\/\/millioneurolisting.es\/wp-content\/uploads\/2021\/05\/mel-banner-1536x615.jpg 1536w, https:\/\/millioneurolisting.es\/wp-content\/uploads\/2021\/05\/mel-banner-700x280.jpg 700w\" sizes=\"(max-width: 1800px) 100vw, 1800px\" \/>\t\t\t\t\t\t\t\t\t\t\t\t\t\t\t<\/div>\n\t\t\t\t<\/div>\n\t\t\t\t\t<\/div>\n\t\t<\/div>\n\t\t\t\t\t<\/div>\n\t\t<\/section>\n\t\t\t\t<section class=\"elementor-section elementor-top-section elementor-element elementor-element-715c0ae elementor-section-stretched section-grey elementor-section-boxed elementor-section-height-default elementor-section-height-default parallax_section_no qode_elementor_container_no\" data-id=\"715c0ae\" data-element_type=\"section\" data-e-type=\"section\" data-settings=\"{&quot;stretch_section&quot;:&quot;section-stretched&quot;}\">\n\t\t\t\t\t\t<div class=\"elementor-container elementor-column-gap-default\">\n\t\t\t\t\t<div class=\"elementor-column elementor-col-100 elementor-top-column elementor-element elementor-element-9309780 block-contact\" data-id=\"9309780\" data-element_type=\"column\" data-e-type=\"column\">\n\t\t\t<div class=\"elementor-widget-wrap elementor-element-populated\">\n\t\t\t\t\t\t<section class=\"elementor-section elementor-inner-section elementor-element elementor-element-5102916 elementor-section-boxed elementor-section-height-default elementor-section-height-default parallax_section_no qode_elementor_container_no\" data-id=\"5102916\" data-element_type=\"section\" data-e-type=\"section\">\n\t\t\t\t\t\t<div class=\"elementor-container elementor-column-gap-default\">\n\t\t\t\t\t<div class=\"elementor-column elementor-col-100 elementor-inner-column elementor-element elementor-element-2dc80fd\" data-id=\"2dc80fd\" data-element_type=\"column\" data-e-type=\"column\">\n\t\t\t<div class=\"elementor-widget-wrap elementor-element-populated\">\n\t\t\t\t\t\t<div class=\"elementor-element elementor-element-fed47fa elementor-widget elementor-widget-html\" data-id=\"fed47fa\" data-element_type=\"widget\" data-e-type=\"widget\" data-widget_type=\"html.default\">\n\t\t\t\t<div class=\"elementor-widget-container\">\n\t\t\t\t\t<h1>Willkommen in der sonnigen Luxuswelt von Marbella, willkommen an der Costa del Sol! Marbella ist das richtige Reiseziel, um Ihre Tr\u00e4ume wahr werden zu lassen.\n\n                        Marbella, eine Perle an der Costa del Sol, wurde von European Best Destination zum besten Reiseziel in Europa f\u00fcr 2024 gek\u00fcrt.\t\t\t\t<\/div>\n\t\t\t\t<\/div>\n\t\t\t\t<div class=\"elementor-element elementor-element-fbed749 elementor-widget elementor-widget-html\" data-id=\"fbed749\" data-element_type=\"widget\" data-e-type=\"widget\" data-widget_type=\"html.default\">\n\t\t\t\t<div class=\"elementor-widget-container\">\n\t\t\t\t\t<p><span>Der Kauf einer ersten, zweiten oder dritten Immobilie im Ausland ist immer aufregend: neue Immobilienm\u00e4rkte, Kulturen, Gesetze usw. Ein privater internationaler Hub: besuchen Sie sie, wann immer Sie k\u00f6nnen, so lange Sie m\u00f6chten.<\/span><\/p>\r\r<p>Es bietet Ihnen nicht nur die M\u00f6glichkeit, Ihr Zuhause in der Freizeit zu genie\u00dfen, sondern auch M\u00f6glichkeiten zu entdecken wie die Arbeit mit einem spektakul\u00e4ren Panoramablick auf das Meer oder Gesch\u00e4ftsessen am Strand ist. Freizeit und Business verbinden! Was brauchen Sie noch?<\/p>\r\r<p>Willkommen, bei <span style=\"color: #c29b40;text-transform:none;font-weight: 400;\">Million Euro Listing<\/span>, die Boutique-Luxusimmobilienagentur in Marbella, die sich ausschlie\u00dflich auf den Kauf von Luxusimmobilien wie Villen und Apartments in Marbella und Umgebung an der Costa del Sol konzentriert.\rUnser Mehrwert besteht darin, pers\u00f6nlichen, engagierten, ma\u00dfgeschneiderten Service und hohe Diskretion zu bieten, um die einzigartige und passende Luxusimmobilie zu finden. Ziel ist es, f\u00fcr unsere Kunden den Lebensstil des Lebens und\/oder Arbeitens in und um Marbella an der Costa del Sol zu erleben. Sagen Sie uns Ihr lifestyle und wir finden ihn f\u00fcr Sie!\r<\/p>\t\t\t\t<\/div>\n\t\t\t\t<\/div>\n\t\t\t\t<div class=\"elementor-element elementor-element-71cc12a elementor-widget elementor-widget-bridge_button_v2\" data-id=\"71cc12a\" data-element_type=\"widget\" data-e-type=\"widget\" data-widget_type=\"bridge_button_v2.default\">\n\t\t\t\t<div class=\"elementor-widget-container\">\n\t\t\t\t\t\n\n\t<a href=\"https:\/\/millioneurolisting.es\/de\/wie-wir-arbeiten\/\" target=\"_self\"  class=\"qode-btn qode-btn-medium qode-btn-simple qode-btn-icon\"  >\n\t    <span class=\"qode-btn-text\">Wie wir arbeiten <\/span>\t<\/a>\n\n\t\t\t\t<\/div>\n\t\t\t\t<\/div>\n\t\t\t\t\t<\/div>\n\t\t<\/div>\n\t\t\t\t\t<\/div>\n\t\t<\/section>\n\t\t\t\t<div class=\"elementor-element elementor-element-397e49b elementor-widget elementor-widget-spacer\" data-id=\"397e49b\" data-element_type=\"widget\" data-e-type=\"widget\" data-widget_type=\"spacer.default\">\n\t\t\t\t<div class=\"elementor-widget-container\">\n\t\t\t\t\t\t\t<div class=\"elementor-spacer\">\n\t\t\t<div class=\"elementor-spacer-inner\"><\/div>\n\t\t<\/div>\n\t\t\t\t\t\t<\/div>\n\t\t\t\t<\/div>\n\t\t\t\t\t<\/div>\n\t\t<\/div>\n\t\t\t\t\t<\/div>\n\t\t<\/section>\n\t\t\t\t<section class=\"elementor-section elementor-top-section elementor-element elementor-element-f8dc22f section-white home-1 elementor-section-full_width elementor-section-stretched elementor-section-height-default elementor-section-height-default parallax_section_no qode_elementor_container_no\" data-id=\"f8dc22f\" data-element_type=\"section\" data-e-type=\"section\" data-settings=\"{&quot;stretch_section&quot;:&quot;section-stretched&quot;}\">\n\t\t\t\t\t\t<div class=\"elementor-container elementor-column-gap-default\">\n\t\t\t\t\t<div class=\"elementor-column elementor-col-100 elementor-top-column elementor-element elementor-element-2d82547\" data-id=\"2d82547\" data-element_type=\"column\" data-e-type=\"column\">\n\t\t\t<div class=\"elementor-widget-wrap elementor-element-populated\">\n\t\t\t\t\t\t<section class=\"elementor-section elementor-inner-section elementor-element elementor-element-055a3c1 block-wide elementor-section-full_width elementor-section-height-default elementor-section-height-default parallax_section_no qode_elementor_container_no\" data-id=\"055a3c1\" data-element_type=\"section\" data-e-type=\"section\">\n\t\t\t\t\t\t<div class=\"elementor-container elementor-column-gap-default\">\n\t\t\t\t\t<div class=\"elementor-column elementor-col-50 elementor-inner-column elementor-element elementor-element-fbf3e97 block-img\" data-id=\"fbf3e97\" data-element_type=\"column\" data-e-type=\"column\">\n\t\t\t<div class=\"elementor-widget-wrap elementor-element-populated\">\n\t\t\t\t\t\t<div class=\"elementor-element elementor-element-15268e1 elementor-widget elementor-widget-image\" data-id=\"15268e1\" data-element_type=\"widget\" data-e-type=\"widget\" data-widget_type=\"image.default\">\n\t\t\t\t<div class=\"elementor-widget-container\">\n\t\t\t\t\t\t\t\t\t\t\t\t\t\t\t<img decoding=\"async\" width=\"800\" height=\"450\" src=\"https:\/\/millioneurolisting.es\/wp-content\/uploads\/2021\/05\/villa-zwembad.jpg\" class=\"attachment-large size-large wp-image-560\" alt=\"\" srcset=\"https:\/\/millioneurolisting.es\/wp-content\/uploads\/2021\/05\/villa-zwembad.jpg 800w, https:\/\/millioneurolisting.es\/wp-content\/uploads\/2021\/05\/villa-zwembad-300x169.jpg 300w, https:\/\/millioneurolisting.es\/wp-content\/uploads\/2021\/05\/villa-zwembad-768x432.jpg 768w, https:\/\/millioneurolisting.es\/wp-content\/uploads\/2021\/05\/villa-zwembad-700x394.jpg 700w, https:\/\/millioneurolisting.es\/wp-content\/uploads\/2021\/05\/villa-zwembad-539x303.jpg 539w\" sizes=\"(max-width: 800px) 100vw, 800px\" \/>\t\t\t\t\t\t\t\t\t\t\t\t\t\t\t<\/div>\n\t\t\t\t<\/div>\n\t\t\t\t\t<\/div>\n\t\t<\/div>\n\t\t\t\t<div class=\"elementor-column elementor-col-50 elementor-inner-column elementor-element elementor-element-e712b63 block-content\" data-id=\"e712b63\" data-element_type=\"column\" data-e-type=\"column\">\n\t\t\t<div class=\"elementor-widget-wrap elementor-element-populated\">\n\t\t\t\t\t\t<div class=\"elementor-element elementor-element-4f7d86a elementor-widget elementor-widget-html\" data-id=\"4f7d86a\" data-element_type=\"widget\" data-e-type=\"widget\" data-widget_type=\"html.default\">\n\t\t\t\t<div class=\"elementor-widget-container\">\n\t\t\t\t\t<p><span>ZUVERL\u00c4SSIG UND DISKRET!<\/span><\/p>\t\t\t\t<\/div>\n\t\t\t\t<\/div>\n\t\t\t\t<div class=\"elementor-element elementor-element-cd9f69d elementor-widget elementor-widget-spacer\" data-id=\"cd9f69d\" data-element_type=\"widget\" data-e-type=\"widget\" data-widget_type=\"spacer.default\">\n\t\t\t\t<div class=\"elementor-widget-container\">\n\t\t\t\t\t\t\t<div class=\"elementor-spacer\">\n\t\t\t<div class=\"elementor-spacer-inner\"><\/div>\n\t\t<\/div>\n\t\t\t\t\t\t<\/div>\n\t\t\t\t<\/div>\n\t\t\t\t<div class=\"elementor-element elementor-element-c709afa elementor-widget elementor-widget-bridge_button_v2\" data-id=\"c709afa\" data-element_type=\"widget\" data-e-type=\"widget\" data-widget_type=\"bridge_button_v2.default\">\n\t\t\t\t<div class=\"elementor-widget-container\">\n\t\t\t\t\t\n\n\t<a href=\"https:\/\/millioneurolisting.es\/de\/immobilien-lifestyles\/\" target=\"_self\"  class=\"qode-btn qode-btn-medium qode-btn-simple qode-btn-icon\"  >\n\t    <span class=\"qode-btn-text\">Immobilien lifestyles<\/span>\t<\/a>\n\n\t\t\t\t<\/div>\n\t\t\t\t<\/div>\n\t\t\t\t<div class=\"elementor-element elementor-element-81d1465 elementor-widget elementor-widget-bridge_button_v2\" data-id=\"81d1465\" data-element_type=\"widget\" data-e-type=\"widget\" data-widget_type=\"bridge_button_v2.default\">\n\t\t\t\t<div class=\"elementor-widget-container\">\n\t\t\t\t\t\n\n\t<a href=\"https:\/\/millioneurolisting.es\/de\/marbella-lifestyle\/\" target=\"_self\"  class=\"qode-btn qode-btn-medium qode-btn-simple qode-btn-icon\"  >\n\t    <span class=\"qode-btn-text\">Marbella lifestyle<\/span>\t<\/a>\n\n\t\t\t\t<\/div>\n\t\t\t\t<\/div>\n\t\t\t\t<div class=\"elementor-element elementor-element-e7a3b86 elementor-widget elementor-widget-spacer\" data-id=\"e7a3b86\" data-element_type=\"widget\" data-e-type=\"widget\" data-widget_type=\"spacer.default\">\n\t\t\t\t<div class=\"elementor-widget-container\">\n\t\t\t\t\t\t\t<div class=\"elementor-spacer\">\n\t\t\t<div class=\"elementor-spacer-inner\"><\/div>\n\t\t<\/div>\n\t\t\t\t\t\t<\/div>\n\t\t\t\t<\/div>\n\t\t\t\t\t<\/div>\n\t\t<\/div>\n\t\t\t\t\t<\/div>\n\t\t<\/section>\n\t\t\t\t\t<\/div>\n\t\t<\/div>\n\t\t\t\t\t<\/div>\n\t\t<\/section>\n\t\t\t\t<section class=\"elementor-section elementor-top-section elementor-element elementor-element-deb26a7 elementor-section-stretched section-grey elementor-section-boxed elementor-section-height-default elementor-section-height-default parallax_section_no qode_elementor_container_no\" data-id=\"deb26a7\" data-element_type=\"section\" data-e-type=\"section\" data-settings=\"{&quot;stretch_section&quot;:&quot;section-stretched&quot;}\">\n\t\t\t\t\t\t<div class=\"elementor-container elementor-column-gap-default\">\n\t\t\t\t\t<div class=\"elementor-column elementor-col-100 elementor-top-column elementor-element elementor-element-74f3659\" data-id=\"74f3659\" data-element_type=\"column\" data-e-type=\"column\">\n\t\t\t<div class=\"elementor-widget-wrap elementor-element-populated\">\n\t\t\t\t\t\t<section class=\"elementor-section elementor-inner-section elementor-element elementor-element-4d62878 elementor-section-boxed elementor-section-height-default elementor-section-height-default parallax_section_no qode_elementor_container_no\" data-id=\"4d62878\" data-element_type=\"section\" data-e-type=\"section\">\n\t\t\t\t\t\t<div class=\"elementor-container elementor-column-gap-default\">\n\t\t\t\t\t<div class=\"elementor-column elementor-col-100 elementor-inner-column elementor-element elementor-element-de73f20\" data-id=\"de73f20\" data-element_type=\"column\" data-e-type=\"column\">\n\t\t\t<div class=\"elementor-widget-wrap elementor-element-populated\">\n\t\t\t\t\t\t<div class=\"elementor-element elementor-element-e126bc7 elementor-widget elementor-widget-html\" data-id=\"e126bc7\" data-element_type=\"widget\" data-e-type=\"widget\" data-widget_type=\"html.default\">\n\t\t\t\t<div class=\"elementor-widget-container\">\n\t\t\t\t\t<h2>Million Euro Listing unterscheidet sich von allen anderen Agenturen. <br>Aber wie?<\/h2>\t\t\t\t<\/div>\n\t\t\t\t<\/div>\n\t\t\t\t\t<\/div>\n\t\t<\/div>\n\t\t\t\t\t<\/div>\n\t\t<\/section>\n\t\t\t\t<section class=\"elementor-section elementor-inner-section elementor-element elementor-element-f95144a elementor-section-boxed elementor-section-height-default elementor-section-height-default parallax_section_no qode_elementor_container_no\" data-id=\"f95144a\" data-element_type=\"section\" data-e-type=\"section\">\n\t\t\t\t\t\t<div class=\"elementor-container elementor-column-gap-default\">\n\t\t\t\t\t<div class=\"elementor-column elementor-col-50 elementor-inner-column elementor-element elementor-element-55dadc2 block-white\" data-id=\"55dadc2\" data-element_type=\"column\" data-e-type=\"column\">\n\t\t\t<div class=\"elementor-widget-wrap elementor-element-populated\">\n\t\t\t\t\t\t<div class=\"elementor-element elementor-element-667201c text-cross elementor-widget elementor-widget-text-editor\" data-id=\"667201c\" data-element_type=\"widget\" data-e-type=\"widget\" data-widget_type=\"text-editor.default\">\n\t\t\t\t<div class=\"elementor-widget-container\">\n\t\t\t\t\t\t\t\t\t<ul><li>Aus Gr\u00fcnden des Schutzes der Privatsph\u00e4re unserer Kunden finden Sie auf unserer Website keine eigenen Inserate. Unsere Angebote werden nur auf den exklusivsten Portalen pr\u00e4sentiert. Wir stellen jedoch regelm\u00e4\u00dfig neue Entwicklungen auf Linkedin und anderen sozialen Medien vor.<\/li><li>Wenn ein Makler n\u00e4mlich gleichzeitig f\u00fcr K\u00e4ufer und Verk\u00e4ufer arbeitet, entsteht nur Interessenkonflikt, und keine der beiden Partei erh\u00e4lt letztendlich den bestm\u00f6glichen Preis.<\/li><\/ul>\t\t\t\t\t\t\t\t<\/div>\n\t\t\t\t<\/div>\n\t\t\t\t\t<\/div>\n\t\t<\/div>\n\t\t\t\t<div class=\"elementor-column elementor-col-50 elementor-inner-column elementor-element elementor-element-1cd0ff2 block-white\" data-id=\"1cd0ff2\" data-element_type=\"column\" data-e-type=\"column\">\n\t\t\t<div class=\"elementor-widget-wrap elementor-element-populated\">\n\t\t\t\t\t\t<div class=\"elementor-element elementor-element-ea8c6e1 text-check elementor-widget elementor-widget-text-editor\" data-id=\"ea8c6e1\" data-element_type=\"widget\" data-e-type=\"widget\" data-widget_type=\"text-editor.default\">\n\t\t\t\t<div class=\"elementor-widget-container\">\n\t\t\t\t\t\t\t\t\t<ul><li>Sie stehen im Mittelpunkt unserer Aufmerksamkeit<\/li><li>Wir arbeiten von einem reinen und unabh\u00e4ngigen Ausgangspunkt aus und sind f\u00fcr Sie da. Sie sind besonders und einzigartig, mit Ihren eigenen W\u00fcnschen und Anforderungen<\/li><li>Wir glauben, dass der Kauf einer Immobilie eine pers\u00f6nliche Angelegenheit ist. Das Sprechen Ihrer Muttersprache ist ein Muss<\/li><\/ul>\t\t\t\t\t\t\t\t<\/div>\n\t\t\t\t<\/div>\n\t\t\t\t\t<\/div>\n\t\t<\/div>\n\t\t\t\t\t<\/div>\n\t\t<\/section>\n\t\t\t\t\t<\/div>\n\t\t<\/div>\n\t\t\t\t\t<\/div>\n\t\t<\/section>\n\t\t\t\t<section class=\"elementor-section elementor-top-section elementor-element elementor-element-dba9288 section-quote elementor-section-boxed elementor-section-height-default elementor-section-height-default parallax_section_no qode_elementor_container_no\" data-id=\"dba9288\" data-element_type=\"section\" data-e-type=\"section\">\n\t\t\t\t\t\t<div class=\"elementor-container elementor-column-gap-default\">\n\t\t\t\t\t<div class=\"elementor-column elementor-col-100 elementor-top-column elementor-element elementor-element-818c9c8\" data-id=\"818c9c8\" data-element_type=\"column\" data-e-type=\"column\">\n\t\t\t<div class=\"elementor-widget-wrap elementor-element-populated\">\n\t\t\t\t\t\t<section class=\"elementor-section elementor-inner-section elementor-element elementor-element-ec2b156 elementor-section-boxed elementor-section-height-default elementor-section-height-default parallax_section_no qode_elementor_container_no\" data-id=\"ec2b156\" data-element_type=\"section\" data-e-type=\"section\">\n\t\t\t\t\t\t<div class=\"elementor-container elementor-column-gap-default\">\n\t\t\t\t\t<div class=\"elementor-column elementor-col-100 elementor-inner-column elementor-element elementor-element-a29f499 block-content\" data-id=\"a29f499\" data-element_type=\"column\" data-e-type=\"column\">\n\t\t\t<div class=\"elementor-widget-wrap elementor-element-populated\">\n\t\t\t\t\t\t<div class=\"elementor-element elementor-element-5662313 elementor-widget elementor-widget-html\" data-id=\"5662313\" data-element_type=\"widget\" data-e-type=\"widget\" data-widget_type=\"html.default\">\n\t\t\t\t<div class=\"elementor-widget-container\">\n\t\t\t\t\t<h2>\u201cWenn Sie davon tr\u00e4umen, ein wundersch\u00f6nes Anwesen an der Costa del Sol zu besitzen, <span>Million Euro Listing<\/span> ist das fehlende Puzzleteil, um diesen Traum zu verwirklichen.\u201d<\/h2>\t\t\t\t<\/div>\n\t\t\t\t<\/div>\n\t\t\t\t\t<\/div>\n\t\t<\/div>\n\t\t\t\t\t<\/div>\n\t\t<\/section>\n\t\t\t\t\t<\/div>\n\t\t<\/div>\n\t\t\t\t\t<\/div>\n\t\t<\/section>\n\t\t\t\t<\/div>\n\t\t","protected":false},"excerpt":{"rendered":"<p>Willkommen in der sonnigen Luxuswelt von Marbella, willkommen an der Costa del Sol! Marbella ist das richtige Reiseziel, um Ihre Tr\u00e4ume wahr werden zu lassen. Marbella, eine Perle an der Costa del Sol, wurde von European Best Destination zum besten Reiseziel in Europa f\u00fcr 2024&#8230;<\/p>\n","protected":false},"author":1,"featured_media":0,"parent":0,"menu_order":0,"comment_status":"closed","ping_status":"closed","template":"","meta":{"_acf_changed":false,"inline_featured_image":false,"footnotes":""},"class_list":["post-915","page","type-page","status-publish","hentry"],"acf":[],"_links":{"self":[{"href":"https:\/\/millioneurolisting.es\/de\/wp-json\/wp\/v2\/pages\/915","targetHints":{"allow":["GET"]}}],"collection":[{"href":"https:\/\/millioneurolisting.es\/de\/wp-json\/wp\/v2\/pages"}],"about":[{"href":"https:\/\/millioneurolisting.es\/de\/wp-json\/wp\/v2\/types\/page"}],"author":[{"embeddable":true,"href":"https:\/\/millioneurolisting.es\/de\/wp-json\/wp\/v2\/users\/1"}],"replies":[{"embeddable":true,"href":"https:\/\/millioneurolisting.es\/de\/wp-json\/wp\/v2\/comments?post=915"}],"version-history":[{"count":5,"href":"https:\/\/millioneurolisting.es\/de\/wp-json\/wp\/v2\/pages\/915\/revisions"}],"predecessor-version":[{"id":1867,"href":"https:\/\/millioneurolisting.es\/de\/wp-json\/wp\/v2\/pages\/915\/revisions\/1867"}],"wp:attachment":[{"href":"https:\/\/millioneurolisting.es\/de\/wp-json\/wp\/v2\/media?parent=915"}],"curies":[{"name":"wp","href":"https:\/\/api.w.org\/{rel}","templated":true}]}}